{"id":1095,"date":"2024-11-26T15:29:11","date_gmt":"2024-11-26T14:29:11","guid":{"rendered":"https:\/\/cdumesnil.com\/?page_id=1095"},"modified":"2025-01-14T17:20:32","modified_gmt":"2025-01-14T16:20:32","slug":"formation","status":"publish","type":"page","link":"https:\/\/cdumesnil.com\/en_us\/formation\/","title":{"rendered":"Formation"},"content":{"rendered":"<div data-elementor-type=\"wp-page\" data-elementor-id=\"1095\" class=\"elementor elementor-1095\" data-elementor-post-type=\"page\">\n\t\t\t\t<div data-particle_enable=\"false\" data-particle-mobile-disabled=\"false\" class=\"elementor-element elementor-element-346ee09 e-flex e-con-boxed e-con e-parent\" data-id=\"346ee09\" data-element_type=\"container\" data-e-type=\"container\" data-settings=\"{&quot;background_background&quot;:&quot;classic&quot;}\">\n\t\t\t\t\t<div class=\"e-con-inner\">\n\t\t\t\t<div class=\"elementor-element elementor-element-06a4452 elementor-widget elementor-widget-heading\" data-id=\"06a4452\" data-element_type=\"widget\" data-e-type=\"widget\" data-widget_type=\"heading.default\">\n\t\t\t\t<div class=\"elementor-widget-container\">\n\t\t\t\t\t<h2 class=\"elementor-heading-title elementor-size-default\">Workshops<\/h2>\t\t\t\t<\/div>\n\t\t\t\t<\/div>\n\t\t\t\t\t<\/div>\n\t\t\t\t<\/div>\n\t\t<div data-particle_enable=\"false\" data-particle-mobile-disabled=\"false\" class=\"elementor-element elementor-element-3099d68 e-flex e-con-boxed e-con e-parent\" data-id=\"3099d68\" data-element_type=\"container\" data-e-type=\"container\">\n\t\t\t\t\t<div class=\"e-con-inner\">\n\t\t\t\t<div class=\"elementor-element elementor-element-9d9073d elementor-widget-divider--view-line elementor-widget elementor-widget-divider\" data-id=\"9d9073d\" data-element_type=\"widget\" data-e-type=\"widget\" data-widget_type=\"divider.default\">\n\t\t\t\t<div class=\"elementor-widget-container\">\n\t\t\t\t\t\t\t<div class=\"elementor-divider\">\n\t\t\t<span class=\"elementor-divider-separator\">\n\t\t\t\t\t\t<\/span>\n\t\t<\/div>\n\t\t\t\t\t\t<\/div>\n\t\t\t\t<\/div>\n\t\t\t\t\t<\/div>\n\t\t\t\t<\/div>\n\t\t<div data-particle_enable=\"false\" data-particle-mobile-disabled=\"false\" class=\"elementor-element elementor-element-4939fbc e-flex e-con-boxed e-con e-parent\" data-id=\"4939fbc\" data-element_type=\"container\" data-e-type=\"container\">\n\t\t\t\t\t<div class=\"e-con-inner\">\n\t\t<div data-particle_enable=\"false\" data-particle-mobile-disabled=\"false\" class=\"elementor-element elementor-element-c004d2d e-con-full e-flex e-con e-child\" data-id=\"c004d2d\" data-element_type=\"container\" data-e-type=\"container\">\n\t\t\t\t<div class=\"elementor-element elementor-element-6d5882a elementor-widget elementor-widget-image\" data-id=\"6d5882a\" data-element_type=\"widget\" data-e-type=\"widget\" data-widget_type=\"image.default\">\n\t\t\t\t<div class=\"elementor-widget-container\">\n\t\t\t\t\t\t\t\t\t\t\t\t\t\t\t<img fetchpriority=\"high\" decoding=\"async\" width=\"800\" height=\"599\" src=\"https:\/\/cdumesnil.com\/wp-content\/uploads\/2024\/11\/version_800_choralyne-dumesnil-formations-a-paris-8-75008.jpeg\" class=\"attachment-large size-large wp-image-1111\" alt=\"\" srcset=\"https:\/\/cdumesnil.com\/wp-content\/uploads\/2024\/11\/version_800_choralyne-dumesnil-formations-a-paris-8-75008.jpeg 800w, https:\/\/cdumesnil.com\/wp-content\/uploads\/2024\/11\/version_800_choralyne-dumesnil-formations-a-paris-8-75008-300x225.jpeg 300w, https:\/\/cdumesnil.com\/wp-content\/uploads\/2024\/11\/version_800_choralyne-dumesnil-formations-a-paris-8-75008-768x575.jpeg 768w\" sizes=\"(max-width: 800px) 100vw, 800px\" \/>\t\t\t\t\t\t\t\t\t\t\t\t\t\t\t<\/div>\n\t\t\t\t<\/div>\n\t\t\t\t<\/div>\n\t\t<div data-particle_enable=\"false\" data-particle-mobile-disabled=\"false\" class=\"elementor-element elementor-element-e1664fd e-con-full e-flex e-con e-child\" data-id=\"e1664fd\" data-element_type=\"container\" data-e-type=\"container\">\n\t\t\t\t<div class=\"elementor-element elementor-element-03ed821 elementor-widget elementor-widget-text-editor\" data-id=\"03ed821\" data-element_type=\"widget\" data-e-type=\"widget\" data-widget_type=\"text-editor.default\">\n\t\t\t\t<div class=\"elementor-widget-container\">\n\t\t\t\t\t\t\t\t\t<p>Since 2014, Ma\u00eetre Choralyne Dumesnil has been leading conferences (in person and online), particularly on the prevention of sexual and gender-based violence, using a practical, multidisciplinary and intercultural approach. The content of the training courses is adapted to the needs of the audiences, structures and issues encountered. It is based on practical cases from real situations found within companies, NGOs, public institutions (education, etc.).<\/p><p>In addition, the Firm supports the creation of information, prevention and management systems for situations of sexual and gender-based violence in companies, associations and public or private establishments.<\/p>\t\t\t\t\t\t\t\t<\/div>\n\t\t\t\t<\/div>\n\t\t\t\t<\/div>\n\t\t<div data-particle_enable=\"false\" data-particle-mobile-disabled=\"false\" class=\"elementor-element elementor-element-bf43a6c e-con-full e-flex e-con e-child\" data-id=\"bf43a6c\" data-element_type=\"container\" data-e-type=\"container\">\n\t\t\t\t<div class=\"elementor-element elementor-element-536d36a elementor-widget elementor-widget-heading\" data-id=\"536d36a\" data-element_type=\"widget\" data-e-type=\"widget\" data-widget_type=\"heading.default\">\n\t\t\t\t<div class=\"elementor-widget-container\">\n\t\t\t\t\t<h2 class=\"elementor-heading-title elementor-size-default\">Publics and Modalities<\/h2>\t\t\t\t<\/div>\n\t\t\t\t<\/div>\n\t\t\t\t<\/div>\n\t\t\t\t<div class=\"elementor-element elementor-element-31335b7 elementor-widget elementor-widget-text-editor\" data-id=\"31335b7\" data-element_type=\"widget\" data-e-type=\"widget\" data-widget_type=\"text-editor.default\">\n\t\t\t\t<div class=\"elementor-widget-container\">\n\t\t\t\t\t\t\t\t\t<p>Students, PhD students, supervising professionals, teachers<\/p><p>In addition, the Firm supports the creation of information, prevention and management systems for situations of sexual and gender-based violence in companies, associations and public or private establishments.<\/p>\t\t\t\t\t\t\t\t<\/div>\n\t\t\t\t<\/div>\n\t\t\t\t\t<\/div>\n\t\t\t\t<\/div>\n\t\t<div data-particle_enable=\"false\" data-particle-mobile-disabled=\"false\" class=\"elementor-element elementor-element-8247daa elementor-hidden-desktop elementor-hidden-tablet elementor-hidden-mobile e-flex e-con-boxed e-con e-parent\" data-id=\"8247daa\" data-element_type=\"container\" data-e-type=\"container\">\n\t\t\t\t\t<div class=\"e-con-inner\">\n\t\t\t\t<div class=\"elementor-element elementor-element-4d2db29 elementor-widget elementor-widget-text-editor\" data-id=\"4d2db29\" data-element_type=\"widget\" data-e-type=\"widget\" data-widget_type=\"text-editor.default\">\n\t\t\t\t<div class=\"elementor-widget-container\">\n\t\t\t\t\t\t\t\t\t<p>Since 2021, training courses have taken place in the following establishments:<\/p>\t\t\t\t\t\t\t\t<\/div>\n\t\t\t\t<\/div>\n\t\t<div data-particle_enable=\"false\" data-particle-mobile-disabled=\"false\" class=\"elementor-element elementor-element-6081fdb e-con-full e-flex e-con e-child\" data-id=\"6081fdb\" data-element_type=\"container\" data-e-type=\"container\">\n\t\t\t\t<div class=\"elementor-element elementor-element-34d962c elementor-arrows-position-inside elementor-pagination-position-outside elementor-widget elementor-widget-image-carousel\" data-id=\"34d962c\" data-element_type=\"widget\" data-e-type=\"widget\" data-settings=\"{&quot;slides_to_scroll&quot;:&quot;2&quot;,&quot;navigation&quot;:&quot;both&quot;,&quot;autoplay&quot;:&quot;yes&quot;,&quot;pause_on_hover&quot;:&quot;yes&quot;,&quot;pause_on_interaction&quot;:&quot;yes&quot;,&quot;autoplay_speed&quot;:5000,&quot;infinite&quot;:&quot;yes&quot;,&quot;speed&quot;:500}\" data-widget_type=\"image-carousel.default\">\n\t\t\t\t<div class=\"elementor-widget-container\">\n\t\t\t\t\t\t\t<div class=\"elementor-image-carousel-wrapper swiper\" role=\"region\" aria-roledescription=\"carousel\" aria-label=\"Carrousel d\u2019images\" dir=\"ltr\">\n\t\t\t<div class=\"elementor-image-carousel swiper-wrapper\" aria-live=\"off\">\n\t\t\t\t\t\t\t\t<div class=\"swiper-slide\" role=\"group\" aria-roledescription=\"slide\" aria-label=\"1 of 4\"><figure class=\"swiper-slide-inner\"><img decoding=\"async\" class=\"swiper-slide-image\" src=\"https:\/\/cdumesnil.com\/wp-content\/uploads\/2024\/12\/okiscom_paris-150x150.png\" alt=\"okiscom_paris\" \/><\/figure><\/div><div class=\"swiper-slide\" role=\"group\" aria-roledescription=\"slide\" aria-label=\"2 of 4\"><figure class=\"swiper-slide-inner\"><img decoding=\"async\" class=\"swiper-slide-image\" src=\"https:\/\/cdumesnil.com\/wp-content\/uploads\/2024\/12\/okiscom_lille-150x150.png\" alt=\"okiscom_lille\" \/><\/figure><\/div><div class=\"swiper-slide\" role=\"group\" aria-roledescription=\"slide\" aria-label=\"3 of 4\"><figure class=\"swiper-slide-inner\"><img decoding=\"async\" class=\"swiper-slide-image\" src=\"https:\/\/cdumesnil.com\/wp-content\/uploads\/2024\/12\/okiscom_hec-150x150.png\" alt=\"okiscom_hec\" \/><\/figure><\/div><div class=\"swiper-slide\" role=\"group\" aria-roledescription=\"slide\" aria-label=\"4 of 4\"><figure class=\"swiper-slide-inner\"><img decoding=\"async\" class=\"swiper-slide-image\" src=\"https:\/\/cdumesnil.com\/wp-content\/uploads\/2024\/12\/siencepo-150x150.png\" alt=\"siencepo\" \/><\/figure><\/div>\t\t\t<\/div>\n\t\t\t\t\t\t\t\t\t\t\t\t<div class=\"elementor-swiper-button elementor-swiper-button-prev\" role=\"button\" tabindex=\"0\">\n\t\t\t\t\t\t<svg aria-hidden=\"true\" class=\"e-font-icon-svg e-eicon-chevron-left\" viewbox=\"0 0 1000 1000\" xmlns=\"http:\/\/www.w3.org\/2000\/svg\"><path d=\"M646 125C629 125 613 133 604 142L308 442C296 454 292 471 292 487 292 504 296 521 308 533L604 854C617 867 629 875 646 875 663 875 679 871 692 858 704 846 713 829 713 812 713 796 708 779 692 767L438 487 692 225C700 217 708 204 708 187 708 171 704 154 692 142 675 129 663 125 646 125Z\"><\/path><\/svg>\t\t\t\t\t<\/div>\n\t\t\t\t\t<div class=\"elementor-swiper-button elementor-swiper-button-next\" role=\"button\" tabindex=\"0\">\n\t\t\t\t\t\t<svg aria-hidden=\"true\" class=\"e-font-icon-svg e-eicon-chevron-right\" viewbox=\"0 0 1000 1000\" xmlns=\"http:\/\/www.w3.org\/2000\/svg\"><path d=\"M696 533C708 521 713 504 713 487 713 471 708 454 696 446L400 146C388 133 375 125 354 125 338 125 325 129 313 142 300 154 292 171 292 187 292 204 296 221 308 233L563 492 304 771C292 783 288 800 288 817 288 833 296 850 308 863 321 871 338 875 354 875 371 875 388 867 400 854L696 533Z\"><\/path><\/svg>\t\t\t\t\t<\/div>\n\t\t\t\t\n\t\t\t\t\t\t\t\t\t<div class=\"swiper-pagination\"><\/div>\n\t\t\t\t\t\t\t\t\t<\/div>\n\t\t\t\t\t\t<\/div>\n\t\t\t\t<\/div>\n\t\t\t\t<\/div>\n\t\t\t\t\t<\/div>\n\t\t\t\t<\/div>\n\t\t<div data-particle_enable=\"false\" data-particle-mobile-disabled=\"false\" class=\"elementor-element elementor-element-1f1eaf2 e-flex e-con-boxed e-con e-parent\" data-id=\"1f1eaf2\" data-element_type=\"container\" data-e-type=\"container\">\n\t\t\t\t\t<div class=\"e-con-inner\">\n\t\t<div data-particle_enable=\"false\" data-particle-mobile-disabled=\"false\" class=\"elementor-element elementor-element-431941d e-con-full e-flex e-con e-child\" data-id=\"431941d\" data-element_type=\"container\" data-e-type=\"container\">\n\t\t\t\t<div class=\"elementor-element elementor-element-7ef7de4 elementor-widget elementor-widget-text-editor\" data-id=\"7ef7de4\" data-element_type=\"widget\" data-e-type=\"widget\" data-widget_type=\"text-editor.default\">\n\t\t\t\t<div class=\"elementor-widget-container\">\n\t\t\t\t\t\t\t\t\t<p><b>Teachings<\/b><\/p>\t\t\t\t\t\t\t\t<\/div>\n\t\t\t\t<\/div>\n\t\t\t\t<\/div>\n\t\t<div data-particle_enable=\"false\" data-particle-mobile-disabled=\"false\" class=\"elementor-element elementor-element-355131d e-con-full e-flex e-con e-child\" data-id=\"355131d\" data-element_type=\"container\" data-e-type=\"container\">\n\t\t\t\t<div class=\"elementor-element elementor-element-8e4cd5f elementor-widget elementor-widget-text-editor\" data-id=\"8e4cd5f\" data-element_type=\"widget\" data-e-type=\"widget\" data-widget_type=\"text-editor.default\">\n\t\t\t\t<div class=\"elementor-widget-container\">\n\t\t\t\t\t\t\t\t\t<ul><li>2021, Hunter College, New York City, Equality and Human Rights (in English)<\/li><li>2016-2018, Paris Sciences et Lettres, Judicial treatment of sexual violence in the world (in English)<\/li><li>2016-2019, Clinique juridique de Sciences Po Paris, tutrice du projet Jeunes et Citoyennet\u00e9<\/li><li>2016-2018, Oxbridge in Paris, Human Rights (in English)<\/li><\/ul>\t\t\t\t\t\t\t\t<\/div>\n\t\t\t\t<\/div>\n\t\t\t\t<\/div>\n\t\t\t\t\t<\/div>\n\t\t\t\t<\/div>\n\t\t<div data-particle_enable=\"false\" data-particle-mobile-disabled=\"false\" class=\"elementor-element elementor-element-230dadf e-flex e-con-boxed e-con e-parent\" data-id=\"230dadf\" data-element_type=\"container\" data-e-type=\"container\">\n\t\t\t\t\t<div class=\"e-con-inner\">\n\t\t\t\t<div class=\"elementor-element elementor-element-791060f elementor-widget-divider--view-line elementor-widget elementor-widget-divider\" data-id=\"791060f\" data-element_type=\"widget\" data-e-type=\"widget\" data-widget_type=\"divider.default\">\n\t\t\t\t<div class=\"elementor-widget-container\">\n\t\t\t\t\t\t\t<div class=\"elementor-divider\">\n\t\t\t<span class=\"elementor-divider-separator\">\n\t\t\t\t\t\t<\/span>\n\t\t<\/div>\n\t\t\t\t\t\t<\/div>\n\t\t\t\t<\/div>\n\t\t\t\t\t<\/div>\n\t\t\t\t<\/div>\n\t\t<div data-particle_enable=\"false\" data-particle-mobile-disabled=\"false\" class=\"elementor-element elementor-element-3756195 e-flex e-con-boxed e-con e-parent\" data-id=\"3756195\" data-element_type=\"container\" data-e-type=\"container\" data-settings=\"{&quot;background_background&quot;:&quot;classic&quot;}\">\n\t\t\t\t\t<div class=\"e-con-inner\">\n\t\t<div data-particle_enable=\"false\" data-particle-mobile-disabled=\"false\" class=\"elementor-element elementor-element-f325772 e-con-full e-flex e-con e-child\" data-id=\"f325772\" data-element_type=\"container\" data-e-type=\"container\">\n\t\t\t\t<div class=\"elementor-element elementor-element-21425c1 elementor-widget elementor-widget-text-editor\" data-id=\"21425c1\" data-element_type=\"widget\" data-e-type=\"widget\" data-widget_type=\"text-editor.default\">\n\t\t\t\t<div class=\"elementor-widget-container\">\n\t\t\t\t\t\t\t\t\t<p><b>Conferences<\/b><\/p>\t\t\t\t\t\t\t\t<\/div>\n\t\t\t\t<\/div>\n\t\t\t\t<\/div>\n\t\t<div data-particle_enable=\"false\" data-particle-mobile-disabled=\"false\" class=\"elementor-element elementor-element-c0c6083 e-con-full e-flex e-con e-child\" data-id=\"c0c6083\" data-element_type=\"container\" data-e-type=\"container\">\n\t\t\t\t<div class=\"elementor-element elementor-element-3c3f383 elementor-widget elementor-widget-text-editor\" data-id=\"3c3f383\" data-element_type=\"widget\" data-e-type=\"widget\" data-widget_type=\"text-editor.default\">\n\t\t\t\t<div class=\"elementor-widget-container\">\n\t\t\t\t\t\t\t\t\t<ul><li>2021, \u201cLegal treatment of sexual and gender-based violence in France\u201d, discussion with Olivia Tabaste, director of the Information Center on the Rights of Women and Families (CIDFF) in Paris, Sciences Po legal clinic<\/li><li>2021, \u201cLegal Feminism\u201d, Feminists in the city, online<\/li><li>2020, \u201cLegal treatment of sexual and gender-based violence in France\u201d, with Femmes ici et ailleurs, Palo Alto<\/li><li>2019, \u201cLegal treatment of sexual and gender-based violence in France\u201d, Les Rendez-vous de l\u2019Europe, Paris<\/li><li>\u201cSexual Harassment in Higher Education\u201d, DiversiTalks, School of Business and Economics (HEC)<\/li><li>2018, \u201cSexual violence, what the law says\u201d, training for humanitarian associations with Dr. Violaine Guerin, <i>Stop sexual violence<\/i>,\u00a0Paris<\/li><li>2017, \u201cThe law against cybersexism\u201d, National Council of French Women (CNFF), Paris Sorbonne University, (March 2)<\/li><li>2016, \u201cMy thesis in 7 minutes\u201d, Diploweb, Paris<\/li><li>\u201cThe legal treatment of female genital mutilation in France\u201d, Paris Sorbonne University and Cochin Hospital<\/li><li>2015, \u201cEquality through law\u201d, with Nicole Ameline, French Institute of Budapest<\/li><li>\u201cRape in France, a legal perspective\u201d, Central European University, Budapest<\/li><li>\u201cRape in France\u201d, film debate \u201cDon\u2019t Say Anything\u201d, Paris 3 University<\/li><li>2013, \u201cPatenting in India\u201d, focus on the pharmaceutical sector based on a study conducted through interviews with around 60 professionals, ISHTIP, International Society for the History of Intellectual Property<\/li><li>2010-2013, \u201cIndustrial Property, Lessons from India\u201d, International Global Law and Policy, Harvard Law School<\/li><\/ul>\t\t\t\t\t\t\t\t<\/div>\n\t\t\t\t<\/div>\n\t\t\t\t<\/div>\n\t\t\t\t\t<\/div>\n\t\t\t\t<\/div>\n\t\t<div data-particle_enable=\"false\" data-particle-mobile-disabled=\"false\" class=\"elementor-element elementor-element-e703082 e-flex e-con-boxed e-con e-parent\" data-id=\"e703082\" data-element_type=\"container\" data-e-type=\"container\">\n\t\t\t\t\t<div class=\"e-con-inner\">\n\t\t<div data-particle_enable=\"false\" data-particle-mobile-disabled=\"false\" class=\"elementor-element elementor-element-6416406 e-con-full e-flex e-con e-child\" data-id=\"6416406\" data-element_type=\"container\" data-e-type=\"container\">\n\t\t\t\t<div class=\"elementor-element elementor-element-a57c348 elementor-widget-divider--view-line elementor-widget elementor-widget-divider\" data-id=\"a57c348\" data-element_type=\"widget\" data-e-type=\"widget\" data-widget_type=\"divider.default\">\n\t\t\t\t<div class=\"elementor-widget-container\">\n\t\t\t\t\t\t\t<div class=\"elementor-divider\">\n\t\t\t<span class=\"elementor-divider-separator\">\n\t\t\t\t\t\t<\/span>\n\t\t<\/div>\n\t\t\t\t\t\t<\/div>\n\t\t\t\t<\/div>\n\t\t\t\t<\/div>\n\t\t\t\t\t<\/div>\n\t\t\t\t<\/div>\n\t\t<div data-particle_enable=\"false\" data-particle-mobile-disabled=\"false\" class=\"elementor-element elementor-element-1156151 e-flex e-con-boxed e-con e-parent\" data-id=\"1156151\" data-element_type=\"container\" data-e-type=\"container\">\n\t\t\t\t\t<div class=\"e-con-inner\">\n\t\t<div data-particle_enable=\"false\" data-particle-mobile-disabled=\"false\" class=\"elementor-element elementor-element-fc64034 e-con-full e-flex e-con e-child\" data-id=\"fc64034\" data-element_type=\"container\" data-e-type=\"container\">\n\t\t\t\t<div class=\"elementor-element elementor-element-698682b elementor-widget elementor-widget-text-editor\" data-id=\"698682b\" data-element_type=\"widget\" data-e-type=\"widget\" data-widget_type=\"text-editor.default\">\n\t\t\t\t<div class=\"elementor-widget-container\">\n\t\t\t\t\t\t\t\t\t<p><b>Publications<\/b><\/p>\t\t\t\t\t\t\t\t<\/div>\n\t\t\t\t<\/div>\n\t\t\t\t<\/div>\n\t\t<div data-particle_enable=\"false\" data-particle-mobile-disabled=\"false\" class=\"elementor-element elementor-element-0912cfa e-con-full e-flex e-con e-child\" data-id=\"0912cfa\" data-element_type=\"container\" data-e-type=\"container\">\n\t\t\t\t<div class=\"elementor-element elementor-element-5816087 elementor-widget elementor-widget-text-editor\" data-id=\"5816087\" data-element_type=\"widget\" data-e-type=\"widget\" data-widget_type=\"text-editor.default\">\n\t\t\t\t<div class=\"elementor-widget-container\">\n\t\t\t\t\t\t\t\t\t<ul><li>2015, \u201cFemale genital mutilation and forced \u201cmarriages\u201d: we must not turn the page\u201d, <i>Le Baroma\u00eetre<\/i> n<sup>o<\/sup>\u00a02, December 2015<\/li><li>\u201cInnovation in India: A Case Study (2005-2012) of Patenting in the Pharmaceutical Industry\u201d, in <i>L\u2019innovation \u00e0 l\u2019\u00e9preuve de la mondialisation\u00a0: R\u00e9flexions autour d\u2019un droit de l\u2019innovation en devenir<\/i>, P.-D. Cervetti (dir), Aix-Marseille University Press<\/li><li>2013, \u00ab\u00a0Chiasmic Edges:\u00a0Short Stories from Legal Research Field Work\u00a0\u00bb, <i>UPES Law Review<\/i>, vol.\u00a01, Dehradun, Inde<\/li><li>\u201cReligious and Geopolitical Practices, Reflections from Ziro, Arunachal Pradesh 2013\u201d, <i>Diplomacy<\/i>, Les grands dossiers n<sup>o<\/sup>\u00a016<\/li><li>2012, \u201cTraditional medicinal knowledge plundered by patent law?\u201d, <i>Revue internationale de droit \u00e9conomique<\/i>, October 2012<\/li><li>2010, \u201cThe right of resale: what prospects for tomorrow?\u201d, <i>Revue Lamy Droit de l\u2019immat\u00e9riel<\/i>, July 2010<\/li><\/ul>\t\t\t\t\t\t\t\t<\/div>\n\t\t\t\t<\/div>\n\t\t\t\t<\/div>\n\t\t\t\t\t<\/div>\n\t\t\t\t<\/div>\n\t\t\t\t<\/div>","protected":false},"excerpt":{"rendered":"<p>Formations Depuis 2014, ma\u00eetre Choralyne Dumesnil anime des conf\u00e9rences (en personne et en ligne) notamment sur la pr\u00e9vention des violences sexuelles et sexistes selon une approche concr\u00e8te, pluridisciplinaire et interculturelle. Le contenu des formations est adapt\u00e9 aux besoins des publics, des structures et des enjeux rencontr\u00e9s. Il s\u2019appuie sur des cas pratiques issus de\u00a0situations r\u00e9elles [&hellip;]<\/p>\n","protected":false},"author":1,"featured_media":0,"parent":0,"menu_order":0,"comment_status":"closed","ping_status":"closed","template":"elementor_header_footer","meta":{"footnotes":""},"class_list":["post-1095","page","type-page","status-publish","hentry"],"_links":{"self":[{"href":"https:\/\/cdumesnil.com\/en_us\/wp-json\/wp\/v2\/pages\/1095","targetHints":{"allow":["GET"]}}],"collection":[{"href":"https:\/\/cdumesnil.com\/en_us\/wp-json\/wp\/v2\/pages"}],"about":[{"href":"https:\/\/cdumesnil.com\/en_us\/wp-json\/wp\/v2\/types\/page"}],"author":[{"embeddable":true,"href":"https:\/\/cdumesnil.com\/en_us\/wp-json\/wp\/v2\/users\/1"}],"replies":[{"embeddable":true,"href":"https:\/\/cdumesnil.com\/en_us\/wp-json\/wp\/v2\/comments?post=1095"}],"version-history":[{"count":169,"href":"https:\/\/cdumesnil.com\/en_us\/wp-json\/wp\/v2\/pages\/1095\/revisions"}],"predecessor-version":[{"id":2943,"href":"https:\/\/cdumesnil.com\/en_us\/wp-json\/wp\/v2\/pages\/1095\/revisions\/2943"}],"wp:attachment":[{"href":"https:\/\/cdumesnil.com\/en_us\/wp-json\/wp\/v2\/media?parent=1095"}],"curies":[{"name":"wp","href":"https:\/\/api.w.org\/{rel}","templated":true}]}}