{"id":1348,"date":"2024-11-27T15:59:58","date_gmt":"2024-11-27T14:59:58","guid":{"rendered":"http:\/\/192.168.64.3:8888\/wordpress\/?page_id=1348"},"modified":"2025-01-14T17:13:17","modified_gmt":"2025-01-14T16:13:17","slug":"actualites","status":"publish","type":"page","link":"https:\/\/cdumesnil.com\/en_us\/actualites\/","title":{"rendered":"News"},"content":{"rendered":"<div data-elementor-type=\"wp-page\" data-elementor-id=\"1348\" class=\"elementor elementor-1348\" data-elementor-post-type=\"page\">\n\t\t\t\t<div data-particle_enable=\"false\" data-particle-mobile-disabled=\"false\" class=\"elementor-element elementor-element-bc1acf6 e-flex e-con-boxed e-con e-parent\" data-id=\"bc1acf6\" data-element_type=\"container\" data-e-type=\"container\" data-settings=\"{&quot;background_background&quot;:&quot;classic&quot;}\">\n\t\t\t\t\t<div class=\"e-con-inner\">\n\t\t\t\t<div class=\"elementor-element elementor-element-b541e76 elementor-widget elementor-widget-heading\" data-id=\"b541e76\" data-element_type=\"widget\" data-e-type=\"widget\" data-widget_type=\"heading.default\">\n\t\t\t\t<div class=\"elementor-widget-container\">\n\t\t\t\t\t<h2 class=\"elementor-heading-title elementor-size-default\">News<\/h2>\t\t\t\t<\/div>\n\t\t\t\t<\/div>\n\t\t\t\t\t<\/div>\n\t\t\t\t<\/div>\n\t\t<div data-particle_enable=\"false\" data-particle-mobile-disabled=\"false\" class=\"elementor-element elementor-element-3cfee6d e-flex e-con-boxed e-con e-parent\" data-id=\"3cfee6d\" data-element_type=\"container\" data-e-type=\"container\">\n\t\t\t\t\t<div class=\"e-con-inner\">\n\t\t<div data-particle_enable=\"false\" data-particle-mobile-disabled=\"false\" class=\"elementor-element elementor-element-7f5f4a3 e-con-full e-flex e-con e-child\" data-id=\"7f5f4a3\" data-element_type=\"container\" data-e-type=\"container\">\n\t\t\t\t<div class=\"elementor-element elementor-element-207113c1 elementor-posts__hover-none elementor-grid-2 elementor-widget__width-initial elementor-grid-tablet-2 elementor-grid-mobile-1 elementor-posts--thumbnail-top elementor-widget elementor-widget-posts\" data-id=\"207113c1\" data-element_type=\"widget\" data-e-type=\"widget\" data-settings=\"{&quot;cards_row_gap&quot;:{&quot;unit&quot;:&quot;px&quot;,&quot;size&quot;:80,&quot;sizes&quot;:[]},&quot;cards_row_gap_tablet&quot;:{&quot;unit&quot;:&quot;px&quot;,&quot;size&quot;:71,&quot;sizes&quot;:[]},&quot;cards_row_gap_mobile&quot;:{&quot;unit&quot;:&quot;px&quot;,&quot;size&quot;:30,&quot;sizes&quot;:[]},&quot;cards_columns&quot;:&quot;2&quot;,&quot;cards_columns_tablet&quot;:&quot;2&quot;,&quot;cards_columns_mobile&quot;:&quot;1&quot;}\" data-widget_type=\"posts.cards\">\n\t\t\t\t<div class=\"elementor-widget-container\">\n\t\t\t\t\t\t\t<div class=\"elementor-posts-container elementor-posts elementor-posts--skin-cards elementor-grid\">\n\t\t\t\t<article class=\"elementor-post elementor-grid-item post-3239 post type-post status-publish format-standard hentry category-competences category-propriete-intellectuelle\">\n\t\t\t<div class=\"elementor-post__card\">\n\t\t\t\t<div class=\"elementor-post__text\">\n\t\t\t\t<h4 class=\"elementor-post__title\">\n\t\t\t<a href=\"https:\/\/cdumesnil.com\/en_us\/2026\/03\/10\/propriete-intellectuelle-pour-ta-start-up-breve-checklist-en-5-etapes\/\" >\n\t\t\t\tPropri\u00e9t\u00e9 intellectuelle pour ta start-up\u00a0? Br\u00e8ve checklist en 5 \u00e9tapes\t\t\t<\/a>\n\t\t<\/h4>\n\t\t\t\t<div class=\"elementor-post__excerpt\">\n\t\t\t<p>Alors \u00e7a y est\u00a0? Le projet est sorti du garage, de la maison, il est pr\u00eat \u00e0 s\u2019envoler\u00a0? Bravo,<\/p>\n\t\t<\/div>\n\t\t\n\t\t<a class=\"elementor-post__read-more\" href=\"https:\/\/cdumesnil.com\/en_us\/2026\/03\/10\/propriete-intellectuelle-pour-ta-start-up-breve-checklist-en-5-etapes\/\" aria-label=\"Read more about Propri\u00e9t\u00e9 intellectuelle pour ta start-up\u00a0? Br\u00e8ve checklist en 5 \u00e9tapes\" tabindex=\"-1\" >\n\t\t\t Read more\t\t<\/a>\n\n\t\t\t\t<\/div>\n\t\t\t\t\t<\/div>\n\t\t<\/article>\n\t\t\t\t<article class=\"elementor-post elementor-grid-item post-3187 post type-post status-publish format-standard hentry category-sexisme tag-femme tag-sexual-violence tag-violences-sexuelles-et-sexistes tag-women\">\n\t\t\t<div class=\"elementor-post__card\">\n\t\t\t\t<div class=\"elementor-post__text\">\n\t\t\t\t<h4 class=\"elementor-post__title\">\n\t\t\t<a href=\"https:\/\/cdumesnil.com\/en_us\/2026\/01\/06\/les-ateliers-de-la-liberte-ressources-sur-la-deconstruction-du-mythe-de-la-beaute-2\/\" >\n\t\t\t\tThe Workshops of Freedom: Resources on Deconstructing the Beauty Myth\t\t\t<\/a>\n\t\t<\/h4>\n\t\t\t\t<div class=\"elementor-post__excerpt\">\n\t\t\t<p>The Beauty Myth: Stop. Not long ago, I was talking with some teachers and\u2026<\/p>\n\t\t<\/div>\n\t\t\n\t\t<a class=\"elementor-post__read-more\" href=\"https:\/\/cdumesnil.com\/en_us\/2026\/01\/06\/les-ateliers-de-la-liberte-ressources-sur-la-deconstruction-du-mythe-de-la-beaute-2\/\" aria-label=\"Read more about Les ateliers de la libert\u00e9 : Ressources sur la d\u00e9construction du mythe de la beaut\u00e9\" tabindex=\"-1\" >\n\t\t\t Read more\t\t<\/a>\n\n\t\t\t\t<\/div>\n\t\t\t\t\t<\/div>\n\t\t<\/article>\n\t\t\t\t<article class=\"elementor-post elementor-grid-item post-3190 post type-post status-publish format-standard hentry category-sexisme category-stereotype tag-femme tag-sexual-violence tag-violences-sexuelles-et-sexistes tag-women\">\n\t\t\t<div class=\"elementor-post__card\">\n\t\t\t\t<div class=\"elementor-post__text\">\n\t\t\t\t<h4 class=\"elementor-post__title\">\n\t\t\t<a href=\"https:\/\/cdumesnil.com\/en_us\/2026\/01\/06\/les-ateliers-de-la-liberte-lutter-contre-les-stereotypes-sexistes\/\" >\n\t\t\t\tThe Workshops of Freedom: Fighting Against Gender Stereotypes\t\t\t<\/a>\n\t\t<\/h4>\n\t\t\t\t<div class=\"elementor-post__excerpt\">\n\t\t\t<p>Workshops for Freedom: Resources to Fight Gender Stereotypes. Gender stereotypes still govern\u2026<\/p>\n\t\t<\/div>\n\t\t\n\t\t<a class=\"elementor-post__read-more\" href=\"https:\/\/cdumesnil.com\/en_us\/2026\/01\/06\/les-ateliers-de-la-liberte-lutter-contre-les-stereotypes-sexistes\/\" aria-label=\"Read more about Les ateliers de la libert\u00e9 : lutter contre les st\u00e9r\u00e9otypes sexistes\" tabindex=\"-1\" >\n\t\t\t Read more\t\t<\/a>\n\n\t\t\t\t<\/div>\n\t\t\t\t\t<\/div>\n\t\t<\/article>\n\t\t\t\t<article class=\"elementor-post elementor-grid-item post-3189 post type-post status-publish format-standard hentry category-stereotype category-violences tag-femme tag-sexual-violence tag-violences-sexuelles-et-sexistes tag-women\">\n\t\t\t<div class=\"elementor-post__card\">\n\t\t\t\t<div class=\"elementor-post__text\">\n\t\t\t\t<h4 class=\"elementor-post__title\">\n\t\t\t<a href=\"https:\/\/cdumesnil.com\/en_us\/2026\/01\/06\/les-ateliers-de-la-liberte-ressources-pour-lutter-contre-les-violences-contre-les-filles-identification-2\/\" >\n\t\t\t\tThe Workshops of Freedom: Resources to Fight Violence Against Girls \u2013 Identification\t\t\t<\/a>\n\t\t<\/h4>\n\t\t\t\t<div class=\"elementor-post__excerpt\">\n\t\t\t<p>Les filles subissent de nombreuses violences depuis le plus jeune \u00e2ge parce qu\u2019elles sont des filles Je me suis<\/p>\n\t\t<\/div>\n\t\t\n\t\t<a class=\"elementor-post__read-more\" href=\"https:\/\/cdumesnil.com\/en_us\/2026\/01\/06\/les-ateliers-de-la-liberte-ressources-pour-lutter-contre-les-violences-contre-les-filles-identification-2\/\" aria-label=\"Read more about Les ateliers de la libert\u00e9 : Ressources pour lutter contre les violences contre les filles \u2013 Identification\" tabindex=\"-1\" >\n\t\t\t Read more\t\t<\/a>\n\n\t\t\t\t<\/div>\n\t\t\t\t\t<\/div>\n\t\t<\/article>\n\t\t\t\t<article class=\"elementor-post elementor-grid-item post-3220 post type-post status-publish format-standard hentry category-non-classe\">\n\t\t\t<div class=\"elementor-post__card\">\n\t\t\t\t<div class=\"elementor-post__text\">\n\t\t\t\t<h4 class=\"elementor-post__title\">\n\t\t\t<a href=\"https:\/\/cdumesnil.com\/en_us\/2026\/01\/06\/11-novembre-journee-de-commemoration\/\" >\n\t\t\t\tNovember 11 \u2013 Day of Remembrance\t\t\t<\/a>\n\t\t<\/h4>\n\t\t\t\t<div class=\"elementor-post__excerpt\">\n\t\t\t<p>Du 11 novembre 1940 au 11 novembre 2025 Le 11 novembre 1940 Me Andr\u00e9 Weil-Curiel, Avocat et son Confr\u00e8re<\/p>\n\t\t<\/div>\n\t\t\n\t\t<a class=\"elementor-post__read-more\" href=\"https:\/\/cdumesnil.com\/en_us\/2026\/01\/06\/11-novembre-journee-de-commemoration\/\" aria-label=\"Read more about 11 novembre &#8211; Journ\u00e9e de comm\u00e9moration\" tabindex=\"-1\" >\n\t\t\t Read more\t\t<\/a>\n\n\t\t\t\t<\/div>\n\t\t\t\t\t<\/div>\n\t\t<\/article>\n\t\t\t\t<article class=\"elementor-post elementor-grid-item post-3195 post type-post status-publish format-standard hentry category-viol tag-femme tag-rape tag-viol tag-women\">\n\t\t\t<div class=\"elementor-post__card\">\n\t\t\t\t<div class=\"elementor-post__text\">\n\t\t\t\t<h4 class=\"elementor-post__title\">\n\t\t\t<a href=\"https:\/\/cdumesnil.com\/en_us\/2025\/11\/18\/un-viol-si-ordinaire-2\/\" >\n\t\t\t\tSuch an ordinary rape\t\t\t<\/a>\n\t\t<\/h4>\n\t\t\t\t<div class=\"elementor-post__excerpt\">\n\t\t\t<p>Rape, rapes continue. Young women tell me what they\u2019ve been through. And so often, their stories\u2026<\/p>\n\t\t<\/div>\n\t\t\n\t\t<a class=\"elementor-post__read-more\" href=\"https:\/\/cdumesnil.com\/en_us\/2025\/11\/18\/un-viol-si-ordinaire-2\/\" aria-label=\"Read more about Un viol si ordinaire\" tabindex=\"-1\" >\n\t\t\t Read more\t\t<\/a>\n\n\t\t\t\t<\/div>\n\t\t\t\t\t<\/div>\n\t\t<\/article>\n\t\t\t\t<\/div>\n\t\t\n\t\t\t\t\t\t<\/div>\n\t\t\t\t<\/div>\n\t\t\t\t<\/div>\n\t\t<div data-particle_enable=\"false\" data-particle-mobile-disabled=\"false\" class=\"elementor-element elementor-element-bbe4904 e-con-full e-flex e-con e-child\" data-id=\"bbe4904\" data-element_type=\"container\" data-e-type=\"container\">\n\t\t<div data-particle_enable=\"false\" data-particle-mobile-disabled=\"false\" class=\"elementor-element elementor-element-f759e6c e-con-full e-flex e-con e-child\" data-id=\"f759e6c\" data-element_type=\"container\" data-e-type=\"container\">\n\t\t\t\t<div class=\"elementor-element elementor-element-b741750 elementor-widget elementor-widget-search\" data-id=\"b741750\" data-element_type=\"widget\" data-e-type=\"widget\" data-settings=\"{&quot;submit_trigger&quot;:&quot;click_submit&quot;,&quot;pagination_type_options&quot;:&quot;none&quot;}\" data-widget_type=\"search.default\">\n\t\t\t\t<div class=\"elementor-widget-container\">\n\t\t\t\t\t\t\t<search class=\"e-search hidden\" role=\"search\">\n\t\t\t<form class=\"e-search-form\" action=\"https:\/\/cdumesnil.com\/en_us\/\" method=\"get\" data-trp-original-action=\"https:\/\/cdumesnil.com\/en_us\">\n\n\t\t\t\t\n\t\t\t\t<label class=\"e-search-label\" for=\"search-b741750\">\n\t\t\t\t\t<span class=\"elementor-screen-only\">\n\t\t\t\t\t\tSearch\t\t\t\t\t<\/span>\n\t\t\t\t\t\t\t\t\t<\/label>\n\n\t\t\t\t<div class=\"e-search-input-wrapper\">\n\t\t\t\t\t<input id=\"search-b741750\" placeholder=\"rechercher dans Actualit\u00e9s\" class=\"e-search-input\" type=\"search\" name=\"s\" value=\"\" autocomplete=\"off\" role=\"combobox\" aria-autocomplete=\"list\" aria-expanded=\"false\" aria-controls=\"results-b741750\" aria-haspopup=\"listbox\">\n\t\t\t\t\t<svg aria-hidden=\"true\" class=\"e-font-icon-svg e-fas-times\" viewbox=\"0 0 352 512\" xmlns=\"http:\/\/www.w3.org\/2000\/svg\"><path d=\"M242.72 256l100.07-100.07c12.28-12.28 12.28-32.19 0-44.48l-22.24-22.24c-12.28-12.28-32.19-12.28-44.48 0L176 189.28 75.93 89.21c-12.28-12.28-32.19-12.28-44.48 0L9.21 111.45c-12.28 12.28-12.28 32.19 0 44.48L109.28 256 9.21 356.07c-12.28 12.28-12.28 32.19 0 44.48l22.24 22.24c12.28 12.28 32.2 12.28 44.48 0L176 322.72l100.07 100.07c12.28 12.28 32.2 12.28 44.48 0l22.24-22.24c12.28-12.28 12.28-32.19 0-44.48L242.72 256z\"><\/path><\/svg>\t\t\t\t\t\t\t\t\t\t<output id=\"results-b741750\" class=\"e-search-results-container hide-loader\" aria-live=\"polite\" aria-atomic=\"true\" aria-label=\"Results for search\" tabindex=\"0\">\n\t\t\t\t\t\t<div class=\"e-search-results\"><\/div>\n\t\t\t\t\t\t\t\t\t\t\t<\/output>\n\t\t\t\t\t\t\t\t\t<\/div>\n\t\t\t\t\n\t\t\t\t\n\t\t\t\t<button class=\"e-search-submit\" type=\"submit\">\n\t\t\t\t\t<svg aria-hidden=\"true\" class=\"e-font-icon-svg e-fas-search\" viewbox=\"0 0 512 512\" xmlns=\"http:\/\/www.w3.org\/2000\/svg\"><path d=\"M505 442.7L405.3 343c-4.5-4.5-10.6-7-17-7H372c27.6-35.3 44-79.7 44-128C416 93.1 322.9 0 208 0S0 93.1 0 208s93.1 208 208 208c48.3 0 92.7-16.4 128-44v16.3c0 6.4 2.5 12.5 7 17l99.7 99.7c9.4 9.4 24.6 9.4 33.9 0l28.3-28.3c9.4-9.4 9.4-24.6.1-34zM208 336c-70.7 0-128-57.2-128-128 0-70.7 57.2-128 128-128 70.7 0 128 57.2 128 128 0 70.7-57.2 128-128 128z\"><\/path><\/svg>\n\t\t\t\t\t<span class=\"\">\n\t\t\t\t\t\t\t\t\t\t\t<\/span>\n\t\t\t\t<\/button>\n\t\t\t\t<input type=\"hidden\" name=\"e_search_props\" value=\"b741750-1348\">\n\t\t\t<input type=\"hidden\" name=\"trp-form-language\" value=\"en_us\"\/><\/form>\n\t\t<\/search>\n\t\t\t\t\t\t<\/div>\n\t\t\t\t<\/div>\n\t\t\t\t<\/div>\n\t\t<div data-particle_enable=\"false\" data-particle-mobile-disabled=\"false\" class=\"elementor-element elementor-element-efa306a e-con-full e-flex e-con e-child\" data-id=\"efa306a\" data-element_type=\"container\" data-e-type=\"container\">\n\t\t\t\t<div class=\"elementor-element elementor-element-918beba elementor-widget elementor-widget-shortcode\" data-id=\"918beba\" data-element_type=\"widget\" data-e-type=\"widget\" data-widget_type=\"shortcode.default\">\n\t\t\t\t<div class=\"elementor-widget-container\">\n\t\t\t\t\t\t\t<div class=\"elementor-shortcode\"><div class=\"categories-list\"><h3>Categories<\/h3><ul><li><a href=\"https:\/\/cdumesnil.com\/en_us\/category\/artistes\/\">Artistes<\/a> (3)<\/li><li><a href=\"https:\/\/cdumesnil.com\/en_us\/category\/competences\/\">Practice Areas<\/a> (5)<\/li><li><a href=\"https:\/\/cdumesnil.com\/en_us\/category\/divorce\/\">Divorce<\/a> (3)<\/li><li><a href=\"https:\/\/cdumesnil.com\/en_us\/category\/droit-de-la-famille\/\">Family Law<\/a> (3)<\/li><li><a href=\"https:\/\/cdumesnil.com\/en_us\/category\/droits-des-enfants\/\">Child Protection<\/a> (6)<\/li><li><a href=\"https:\/\/cdumesnil.com\/en_us\/category\/droits-des-femmes\/\">Droits des femmes<\/a> (7)<\/li><li><a href=\"https:\/\/cdumesnil.com\/en_us\/category\/enfant-en-danger\/\">Enfant en danger<\/a> (4)<\/li><li><a href=\"https:\/\/cdumesnil.com\/en_us\/category\/enlevement-denfant\/\">Enl\u00e8vement d&#039;enfant<\/a> (2)<\/li><li><a href=\"https:\/\/cdumesnil.com\/en_us\/category\/experience\/\">Exp\u00e9rience<\/a> (8)<\/li><li><a href=\"https:\/\/cdumesnil.com\/en_us\/category\/inceste\/\">Incest<\/a> (2)<\/li><li><a href=\"https:\/\/cdumesnil.com\/en_us\/category\/justice-en-france\/\">Justice in France<\/a> (1)<\/li><li><a href=\"https:\/\/cdumesnil.com\/en_us\/category\/non-classe\/\">Non classified<\/a> (5)<\/li><li><a href=\"https:\/\/cdumesnil.com\/en_us\/category\/propriete-intellectuelle\/\">Intellectual Property Law<\/a> (3)<\/li><li><a href=\"https:\/\/cdumesnil.com\/en_us\/category\/reparation-des-prejudices\/\">R\u00e9paration des pr\u00e9judices<\/a> (2)<\/li><li><a href=\"https:\/\/cdumesnil.com\/en_us\/category\/sexisme\/\">Sexisme<\/a> (9)<\/li><li><a href=\"https:\/\/cdumesnil.com\/en_us\/category\/stereotype\/\">St\u00e9r\u00e9otype<\/a> (6)<\/li><li><a href=\"https:\/\/cdumesnil.com\/en_us\/category\/viol\/\">Rape<\/a> (6)<\/li><li><a href=\"https:\/\/cdumesnil.com\/en_us\/category\/violences\/\">Violences<\/a> (17)<\/li><\/ul><\/div><div class=\"tags-list\"><h3>Tags<\/h3><ul><li><a href=\"https:\/\/cdumesnil.com\/en_us\/tag\/femme\/\">femme<\/a> (4)<\/li><li><a href=\"https:\/\/cdumesnil.com\/en_us\/tag\/justice-en-france\/\">Justice in France<\/a> (1)<\/li><li><a href=\"https:\/\/cdumesnil.com\/en_us\/tag\/mere\/\">Mother<\/a> (1)<\/li><li><a href=\"https:\/\/cdumesnil.com\/en_us\/tag\/rape\/\">rape<\/a> (3)<\/li><li><a href=\"https:\/\/cdumesnil.com\/en_us\/tag\/sexual-violence\/\">sexual violence<\/a> (6)<\/li><li><a href=\"https:\/\/cdumesnil.com\/en_us\/tag\/viol\/\">rape<\/a> (4)<\/li><li><a href=\"https:\/\/cdumesnil.com\/en_us\/tag\/violences-conjugales\/\">Domestic Violence<\/a> (1)<\/li><li><a href=\"https:\/\/cdumesnil.com\/en_us\/tag\/violences-sexuelles-et-sexistes\/\">Sexual and Gender-Based Violence<\/a> (6)<\/li><li><a href=\"https:\/\/cdumesnil.com\/en_us\/tag\/women\/\">women<\/a> (4)<\/li><\/ul><\/div><\/div>\n\t\t\t\t\t\t<\/div>\n\t\t\t\t<\/div>\n\t\t\t\t<\/div>\n\t\t\t\t<\/div>\n\t\t\t\t\t<\/div>\n\t\t\t\t<\/div>\n\t\t\t\t<\/div>","protected":false},"excerpt":{"rendered":"<p>Actualit\u00e9s Search<\/p>","protected":false},"author":1,"featured_media":0,"parent":0,"menu_order":0,"comment_status":"closed","ping_status":"closed","template":"elementor_header_footer","meta":{"footnotes":""},"class_list":["post-1348","page","type-page","status-publish","hentry"],"_links":{"self":[{"href":"https:\/\/cdumesnil.com\/en_us\/wp-json\/wp\/v2\/pages\/1348","targetHints":{"allow":["GET"]}}],"collection":[{"href":"https:\/\/cdumesnil.com\/en_us\/wp-json\/wp\/v2\/pages"}],"about":[{"href":"https:\/\/cdumesnil.com\/en_us\/wp-json\/wp\/v2\/types\/page"}],"author":[{"embeddable":true,"href":"https:\/\/cdumesnil.com\/en_us\/wp-json\/wp\/v2\/users\/1"}],"replies":[{"embeddable":true,"href":"https:\/\/cdumesnil.com\/en_us\/wp-json\/wp\/v2\/comments?post=1348"}],"version-history":[{"count":103,"href":"https:\/\/cdumesnil.com\/en_us\/wp-json\/wp\/v2\/pages\/1348\/revisions"}],"predecessor-version":[{"id":2930,"href":"https:\/\/cdumesnil.com\/en_us\/wp-json\/wp\/v2\/pages\/1348\/revisions\/2930"}],"wp:attachment":[{"href":"https:\/\/cdumesnil.com\/en_us\/wp-json\/wp\/v2\/media?parent=1348"}],"curies":[{"name":"wp","href":"https:\/\/api.w.org\/{rel}","templated":true}]}}