{"id":1666,"date":"2024-11-28T10:38:15","date_gmt":"2024-11-28T09:38:15","guid":{"rendered":"https:\/\/cdumesnil.com\/?page_id=1666"},"modified":"2025-06-19T19:35:21","modified_gmt":"2025-06-19T17:35:21","slug":"mentions-legales","status":"publish","type":"page","link":"https:\/\/cdumesnil.com\/en_us\/mentions-legales\/","title":{"rendered":"mentions l\u00e9gales"},"content":{"rendered":"<div data-elementor-type=\"wp-page\" data-elementor-id=\"1666\" class=\"elementor elementor-1666\" data-elementor-post-type=\"page\">\n\t\t\t\t<div data-particle_enable=\"false\" data-particle-mobile-disabled=\"false\" class=\"elementor-element elementor-element-fcb78b9 e-flex e-con-boxed e-con e-parent\" data-id=\"fcb78b9\" data-element_type=\"container\" data-e-type=\"container\" data-settings=\"{&quot;background_background&quot;:&quot;classic&quot;}\">\n\t\t\t\t\t<div class=\"e-con-inner\">\n\t\t\t\t<div class=\"elementor-element elementor-element-58bd5dd elementor-widget elementor-widget-heading\" data-id=\"58bd5dd\" data-element_type=\"widget\" data-e-type=\"widget\" data-widget_type=\"heading.default\">\n\t\t\t\t<div class=\"elementor-widget-container\">\n\t\t\t\t\t<h2 class=\"elementor-heading-title elementor-size-default\">Mentions l\u00e9gales<\/h2>\t\t\t\t<\/div>\n\t\t\t\t<\/div>\n\t\t\t\t\t<\/div>\n\t\t\t\t<\/div>\n\t\t<div data-particle_enable=\"false\" data-particle-mobile-disabled=\"false\" class=\"elementor-element elementor-element-f59c2b7 e-flex e-con-boxed e-con e-parent\" data-id=\"f59c2b7\" data-element_type=\"container\" data-e-type=\"container\">\n\t\t\t\t\t<div class=\"e-con-inner\">\n\t\t\t\t<div class=\"elementor-element elementor-element-4a15eac elementor-widget elementor-widget-text-editor\" data-id=\"4a15eac\" data-element_type=\"widget\" data-e-type=\"widget\" data-widget_type=\"text-editor.default\">\n\t\t\t\t<div class=\"elementor-widget-container\">\n\t\t\t\t\t\t\t\t\t<p>Conform\u00e9ment aux dispositions des articles 6-III et 19 de la loi n\u00b0 2004-575 du 21 juin 2004 pour la confiance dans l&rsquo;\u00e9conomie num\u00e9rique, dite L.C.E.N., nous portons \u00e0 la connaissance des utilisateurs et visiteurs du site www.cdumesnil.com les informations suivantes :<\/p><h2><strong>1. Informations l\u00e9gales<\/strong><\/h2><h3><strong>1.1. \u00c9diteur du site<\/strong><\/h3><p><strong>Nom :<\/strong>\u00a0Choralyne Dumesnil<\/p><p><strong>Adresse :<\/strong> 13 rue la Bo\u00e9tie<\/p><p><strong>Code postal :<\/strong>\u00a075008<\/p><p><strong>Ville :<\/strong>\u00a0Paris<\/p><p><strong>T\u00e9l. :<\/strong>\u00a001 49\u00a011\u00a046\u00a093<\/p><h3><strong>1.2. Activit\u00e9<\/strong><\/h3><p><strong>Autorisation d\u2019exercer faite par :<\/strong><br \/>Ordre des avocats du barreau de Paris<\/p><p><strong>Adresse :<\/strong> Maison des Avocats &#8211; Cours des Avocats<\/p><p><strong>Compl\u00e9ment d&rsquo;adresse :<\/strong><\/p><p class=\"p1\">CS 64111<\/p><p><strong>Code postal :<\/strong> 75833<\/p><p><strong>Ville :<\/strong> Paris Cedex 17<\/p><p><strong>Pays :<\/strong>\u00a0France<\/p><h3><strong>1.3. Site internet<\/strong><\/h3><p><strong>Le site internet est h\u00e9berg\u00e9 sur le domaine :<\/strong>\u00a0www.cdumesnil.com<\/p><h3><strong>1.4. Responsable de la publication<\/strong><\/h3><p><strong>Responsable de la publication :<\/strong>\u00a0Choralyne Dumesnil<\/p><p><strong>Email :<\/strong>\u00a0choralyne@cdumesnil.com<\/p><p><strong>T\u00e9l. :<\/strong>\u00a001 49\u00a011\u00a046\u00a093<\/p><p><strong>Ville du tribunal de comp\u00e9tence en cas de litige :<\/strong>\u00a0Paris<\/p><h3><strong>1.5. Agence \/ Webmaster<\/strong><\/h3><p><strong>Entreprise :<\/strong> Jean-S\u00e9bastien Valderrama<\/p><p><strong>Adresse :<\/strong> 13, rue Baudoin<\/p><p><strong>Code postal :<\/strong> 75013<\/p><p><strong>Ville :<\/strong>\u00a0Paris<\/p><p><strong>Pays :<\/strong>\u00a0France<\/p><p><strong>Email :<\/strong> jsvalderrama@free.fr<\/p><p><strong>T\u00e9l. :<\/strong> 06 67 88 03 06<\/p><h3><strong>1.6. H\u00e9bergement<\/strong><\/h3><p><strong>Entreprise :<\/strong> IONOS<\/p><p><strong>Adresse :<\/strong> 7, place de la Gare &#8211; BP 70109<\/p><p><strong>Code postal :<\/strong> 57200<\/p><p><strong>Ville :<\/strong> Sarreguemines Cedex<\/p><p><strong>Pays :<\/strong>\u00a0France<\/p><p><strong>T\u00e9l. :<\/strong> 09 70 80 89 11<\/p><h2><strong>2. Pr\u00e9sentation et principe<\/strong><\/h2><p>Est d\u00e9sign\u00e9 ci-apr\u00e8s \u00ab\u00a0utilisateur\u00a0\u00bb\u00a0tout internaute se connectant et utilisant le site susnomm\u00e9 : www.cdumesnil.com.<\/p><p>Choralyne Dumesnil s\u2019efforce de fournir sur le site www.cdumesnil.com les informations les plus pr\u00e9cises et actualis\u00e9es possibles (sous r\u00e9serve de modifications apport\u00e9es depuis leur mise en ligne), mais ne saurait garantir l&rsquo;exactitude, la compl\u00e9tude et l&rsquo;actualit\u00e9 des informations diffus\u00e9es sur son site, qu\u2019elles soient de son fait ou du fait des tiers partenaires qui lui fournissent ces informations. En cons\u00e9quence, l&rsquo;internaute devra donc s&rsquo;assurer de l&rsquo;exactitude des informations et signaler toute\u00a0modification\u00a0du site qu&rsquo;il jugerait utile. Choralyne Dumesnil n&rsquo;est en aucun cas responsable de l&rsquo;utilisation faite de ces informations, et de tout pr\u00e9judice direct ou indirect pouvant en d\u00e9couler.<\/p><h2><strong>3. Accessibilit\u00e9<\/strong><\/h2><p>Le site www.cdumesnil.com est par principe accessible aux utilisateurs 24\/24h, 7\/7j, sauf interruption, programm\u00e9e ou non, pour les besoins de sa maintenance ou en cas de force majeure. En cas d\u2019impossibilit\u00e9 d\u2019acc\u00e8s au service, Choralyne Dumesnil s\u2019engage \u00e0 faire son maximum afin de r\u00e9tablir l\u2019acc\u00e8s au service. N\u2019\u00e9tant soumise qu\u2019\u00e0 une obligation de moyen, Choralyne Dumesnil ne saurait \u00eatre tenue pour responsable de tout dommage, quel\u00a0qu\u2019en soit la nature, r\u00e9sultant d\u2019une indisponibilit\u00e9 du service.<\/p><h2><strong>4. Propri\u00e9t\u00e9 intellectuelle<\/strong><\/h2><p>Choralyne Dumesnil est propri\u00e9taire exclusif de tous les droits de propri\u00e9t\u00e9 intellectuelle ou d\u00e9tient les droits d\u2019usage sur tous les \u00e9l\u00e9ments accessibles sur le site, tant sur la structure que sur les textes, images, graphismes, logo, ic\u00f4nes, sons, logiciels, ou est autoris\u00e9e \u00e0 utiliser les images, graphismes, logo, ic\u00f4nes, sons qui proviennent de bases de donn\u00e9es libres de droits.<\/p><p>Toute reproduction totale ou partielle du site www.cdumesnil.com, repr\u00e9sentation, modification, publication, adaptation totale ou partielle de l&rsquo;un quelconque de ces \u00e9l\u00e9ments est interdite, sauf autorisation \u00e9crite pr\u00e9alable de Choralyne Dumesnil. \u00c0 d\u00e9faut, elle sera consid\u00e9r\u00e9e comme constitutive d\u2019une contrefa\u00e7on et passible de poursuite conform\u00e9ment aux dispositions des articles L.335-2 et suivants du code de la\u00a0propri\u00e9t\u00e9 intellectuelle.<\/p><h2><strong>5. Liens hypertextes et cookies<\/strong><\/h2><h3><strong>5.1. Liens hypertexte<\/strong><\/h3><p>Le site www.cdumesnil.com peut contenir un certain nombre de liens hypertextes vers d\u2019autres sites. Choralyne Dumesnil ne dispose d&rsquo;aucun moyen pour contr\u00f4ler les sites en connexion avec son site internet et ne r\u00e9pond pas de la disponibilit\u00e9 de tels sites et sources externes, ni ne la garantit. Choralyne Dumesnil ne peut \u00eatre tenue pour responsable de tout dommage, de quelque nature que ce soit, r\u00e9sultant du contenu de ces sites ou de sources externes, et notamment des informations, produits ou services qu\u2019ils proposent.<\/p><p>Si vous naviguez vers l&rsquo;un de ces sites, veuillez noter qu\u2019ils poss\u00e8dent leur propre politique de confidentialit\u00e9 et que notre responsabilit\u00e9 s\u2019arr\u00eate au moment o\u00f9 vous quittez notre site.<\/p><p>Les propri\u00e9taires de sites internet tiers ne peuvent mettre en place un hyperlien en direction de ce site sans l&rsquo;autorisation expresse et pr\u00e9alable de Choralyne Dumesnil qui se r\u00e9serve le droit d\u2019accepter ou de refuser un hyperlien sans avoir \u00e0 en justifier sa d\u00e9cision.<\/p><h3><strong>5.2. Cookies<\/strong><\/h3><p>L\u2019utilisateur est inform\u00e9 que lors de ses visites sur le site www.cdumesnil.com, un ou des cookies sont susceptibles de s\u2019installer automatiquement sur son ordinateur par l&rsquo;interm\u00e9diaire de son logiciel de navigation. Un cookie est un bloc de donn\u00e9es qui ne permet pas d&rsquo;identifier l&rsquo;utilisateur, mais qui enregistre des informations relatives \u00e0 la navigation de celui-ci sur le site. Il contient plusieurs donn\u00e9es qui sont stock\u00e9es sur votre ordinateur dans un simple fichier texte auquel un serveur acc\u00e8de pour lire et enregistrer des informations.<\/p><p>Le param\u00e9trage du logiciel de navigation permet d\u2019informer de la pr\u00e9sence de cookie et \u00e9ventuellement, de la refuser de la mani\u00e8re d\u00e9crite \u00e0 l\u2019adresse suivante :\u00a0<a>www.cnil.fr<\/a>.<\/p><h3><strong>5.3. Les cookies tiers<\/strong><\/h3><p>Notre site peut contenir des liens vers ou depuis des sites partenaires et d\u2019autres sites tiers. Si vous naviguez vers un de ces sites, veuillez noter qu\u2019ils poss\u00e8dent leur propre politique de confidentialit\u00e9 et que notre responsabilit\u00e9 s\u2019arr\u00eate au moment o\u00f9 vous quittez notre site. V\u00e9rifiez les politiques de confidentialit\u00e9 avant de transmettre vos donn\u00e9es personnelles \u00e0 des sites tiers.<\/p><h2><strong>6. Protection des biens et des personnes &#8211; gestion des donn\u00e9es personnelles<\/strong><\/h2><p>Le client est inform\u00e9 des r\u00e9glementations concernant la communication marketing, la loi du 21 juin 2014 pour la confiance dans l\u2019\u00e9conomie num\u00e9rique, la loi Informatique et Libert\u00e9s du 6 ao\u00fbt 2004 ainsi que du r\u00e8glement g\u00e9n\u00e9ral sur la protection des donn\u00e9es (RGPD : n\u00b0 2016-679).<\/p><h3><strong>6.1. Responsables de la collecte des donn\u00e9es personnelles<\/strong><\/h3><p>Pour les donn\u00e9es personnelles collect\u00e9es dans le cadre de l&rsquo;utilisation du formulaire de contact par l\u2019Utilisateur et de sa navigation sur le site, le responsable du traitement des donn\u00e9es personnelles est : Choralyne Dumesnil. www.cdumesnil.com est repr\u00e9sent\u00e9 par Choralyne Dumesnil, son repr\u00e9sentant l\u00e9gal.<\/p><p>En tant que responsable du traitement des donn\u00e9es qu\u2019il collecte, www.cdumesnil.com s\u2019engage \u00e0 respecter le cadre des dispositions l\u00e9gales en vigueur. Il lui appartient notamment d\u2019\u00e9tablir les finalit\u00e9s de ses traitements de donn\u00e9es, de fournir \u00e0 ses prospects et clients, \u00e0 partir de la collecte de leurs consentements, une information compl\u00e8te sur le traitement de leurs donn\u00e9es personnelles et de maintenir un registre des traitements conforme \u00e0 la r\u00e9alit\u00e9. Chaque fois que www.cdumesnil.com traite des donn\u00e9es personnelles, www.cdumesnil.com prend toutes les mesures raisonnables pour s\u2019assurer de l\u2019exactitude et de la pertinence des donn\u00e9es personnelles au regard des finalit\u00e9s pour lesquelles www.cdumesnil.com les traite.<\/p><h3><strong>6.2. Finalit\u00e9 des donn\u00e9es collect\u00e9es<\/strong><\/h3><p>www.cdumesnil.com est susceptible de traiter tout ou partie des donn\u00e9es :<\/p><ul><li>pour permettre la navigation sur le site, traiter les demandes formul\u00e9es par l&rsquo;utilisateur par l&rsquo;interm\u00e9diaire du formulaire de contact,<\/li><li>pour pr\u00e9venir et lutter contre la fraude informatique (spamming, hacking\u2026) : mat\u00e9riel informatique utilis\u00e9 pour la navigation, l\u2019adresse IP, pages visit\u00e9es<\/li><li>pour am\u00e9liorer la navigation sur le site : donn\u00e9es de connexion et d\u2019utilisation<\/li><\/ul><p>www.cdumesnil.com ne commercialise pas vos donn\u00e9es personnelles qui sont donc uniquement utilis\u00e9es par n\u00e9cessit\u00e9 ou \u00e0 des fins statistiques et d\u2019analyses.<\/p><h2><strong>7- Limitation de responsabilit\u00e9<\/strong><\/h2><p>Les informations contenues sur ce site sont aussi pr\u00e9cises que possible et le site est p\u00e9riodiquement remis \u00e0 jour, mais peut toutefois contenir des inexactitudes, des omissions ou des lacunes. Si vous constatez une lacune, erreur ou ce qui para\u00eet \u00eatre un dysfonctionnement, merci de bien vouloir le signaler par e-mail en d\u00e9crivant le probl\u00e8me de la mani\u00e8re la plus pr\u00e9cise possible (page posant probl\u00e8me, action d\u00e9clenchante, type d\u2019ordinateur et de navigateur utilis\u00e9, \u2026). www.cdumesnil.com ne peut pas \u00eatre tenu responsable des lacunes, erreurs ou dysfonctionnement engendr\u00e9s.<\/p><p>Tout contenu t\u00e9l\u00e9charg\u00e9 se fait aux risques et p\u00e9rils de l&rsquo;utilisateur et sous sa seule responsabilit\u00e9. Par cons\u00e9quent, Choralyne Dumesnil ne saurait \u00eatre tenue responsable d&rsquo;un quelconque dommage subi par l&rsquo;ordinateur de l&rsquo;utilisateur ou d&rsquo;une quelconque perte de donn\u00e9es cons\u00e9cutive\u00a0au t\u00e9l\u00e9chargement.<\/p><p>Les liens hypertextes mis en place dans le cadre du pr\u00e9sent site internet en direction d&rsquo;autres ressources pr\u00e9sentes sur le r\u00e9seau Internet ne sauraient engager la responsabilit\u00e9 de Choralyne Dumesnil.<\/p><h3><strong>\u00c0\u00a0propos des mentions l\u00e9gales :<\/strong><\/h3><p>Les mentions l\u00e9gales d\u00e9finies sur cette page s&rsquo;appliquent \u00e0 l&rsquo;ensemble du pr\u00e9sent site internet et sont susceptibles d&rsquo;\u00e9voluer sans pr\u00e9avis. L&rsquo;utilisateur du site est donc invit\u00e9 \u00e0 les consulter r\u00e9guli\u00e8rement afin d&rsquo;en prendre connaissance.<\/p>\t\t\t\t\t\t\t\t<\/div>\n\t\t\t\t<\/div>\n\t\t\t\t\t<\/div>\n\t\t\t\t<\/div>\n\t\t\t\t<\/div>","protected":false},"excerpt":{"rendered":"<p>Les informations contenues sur ce site sont aussi pr\u00e9cises que possible et le site est p\u00e9riodiquement remis \u00e0 jour, mais peut toutefois contenir des inexactitudes, des omissions ou des lacunes. Si vous constatez une lacune, erreur ou ce qui para\u00eet \u00eatre un dysfonctionnement, merci de bien vouloir le signaler par e-mail en d\u00e9crivant le probl\u00e8me de la mani\u00e8re la plus pr\u00e9cise possible (page posant probl\u00e8me, action d\u00e9clenchante, type d\u2019ordinateur et de navigateur utilis\u00e9, \u2026). www.cdumesnil.com ne peut pas \u00eatre tenu responsable des lacunes, erreurs ou dysfonctionnement engendr\u00e9s.<\/p>","protected":false},"author":1,"featured_media":0,"parent":0,"menu_order":0,"comment_status":"closed","ping_status":"closed","template":"elementor_header_footer","meta":{"footnotes":""},"class_list":["post-1666","page","type-page","status-publish","hentry"],"_links":{"self":[{"href":"https:\/\/cdumesnil.com\/en_us\/wp-json\/wp\/v2\/pages\/1666","targetHints":{"allow":["GET"]}}],"collection":[{"href":"https:\/\/cdumesnil.com\/en_us\/wp-json\/wp\/v2\/pages"}],"about":[{"href":"https:\/\/cdumesnil.com\/en_us\/wp-json\/wp\/v2\/types\/page"}],"author":[{"embeddable":true,"href":"https:\/\/cdumesnil.com\/en_us\/wp-json\/wp\/v2\/users\/1"}],"replies":[{"embeddable":true,"href":"https:\/\/cdumesnil.com\/en_us\/wp-json\/wp\/v2\/comments?post=1666"}],"version-history":[{"count":37,"href":"https:\/\/cdumesnil.com\/en_us\/wp-json\/wp\/v2\/pages\/1666\/revisions"}],"predecessor-version":[{"id":3130,"href":"https:\/\/cdumesnil.com\/en_us\/wp-json\/wp\/v2\/pages\/1666\/revisions\/3130"}],"wp:attachment":[{"href":"https:\/\/cdumesnil.com\/en_us\/wp-json\/wp\/v2\/media?parent=1666"}],"curies":[{"name":"wp","href":"https:\/\/api.w.org\/{rel}","templated":true}]}}