{"id":1686,"date":"2024-11-28T12:36:51","date_gmt":"2024-11-28T11:36:51","guid":{"rendered":"https:\/\/cdumesnil.com\/?page_id=1686"},"modified":"2025-01-14T17:36:11","modified_gmt":"2025-01-14T16:36:11","slug":"propriete-intellectuelle","status":"publish","type":"page","link":"https:\/\/cdumesnil.com\/en_us\/propriete-intellectuelle\/","title":{"rendered":"Intellectual Property Law"},"content":{"rendered":"\t\t<div data-elementor-type=\"wp-page\" data-elementor-id=\"1686\" class=\"elementor elementor-1686\" data-elementor-post-type=\"page\">\n\t\t\t\t<div data-particle_enable=\"false\" data-particle-mobile-disabled=\"false\" class=\"elementor-element elementor-element-b099937 e-flex e-con-boxed e-con e-parent\" data-id=\"b099937\" data-element_type=\"container\" data-e-type=\"container\" data-settings=\"{&quot;background_background&quot;:&quot;classic&quot;}\">\n\t\t\t\t\t<div class=\"e-con-inner\">\n\t\t\t\t<div class=\"elementor-element elementor-element-6ae31d7 elementor-widget elementor-widget-heading\" data-id=\"6ae31d7\" data-element_type=\"widget\" data-e-type=\"widget\" data-widget_type=\"heading.default\">\n\t\t\t\t<div class=\"elementor-widget-container\">\n\t\t\t\t\t<h2 class=\"elementor-heading-title elementor-size-default\">Propri\u00e9t\u00e9 intellectuelle<\/h2>\t\t\t\t<\/div>\n\t\t\t\t<\/div>\n\t\t\t\t\t<\/div>\n\t\t\t\t<\/div>\n\t\t<div data-particle_enable=\"false\" data-particle-mobile-disabled=\"false\" class=\"elementor-element elementor-element-574fd3d e-flex e-con-boxed e-con e-parent\" data-id=\"574fd3d\" data-element_type=\"container\" data-e-type=\"container\">\n\t\t\t\t\t<div class=\"e-con-inner\">\n\t\t\t\t<div class=\"elementor-element elementor-element-2358167 elementor-widget-divider--view-line elementor-widget elementor-widget-divider\" data-id=\"2358167\" data-element_type=\"widget\" data-e-type=\"widget\" data-widget_type=\"divider.default\">\n\t\t\t\t<div class=\"elementor-widget-container\">\n\t\t\t\t\t\t\t<div class=\"elementor-divider\">\n\t\t\t<span class=\"elementor-divider-separator\">\n\t\t\t\t\t\t<\/span>\n\t\t<\/div>\n\t\t\t\t\t\t<\/div>\n\t\t\t\t<\/div>\n\t\t\t\t\t<\/div>\n\t\t\t\t<\/div>\n\t\t<div data-particle_enable=\"false\" data-particle-mobile-disabled=\"false\" class=\"elementor-element elementor-element-c4645f2 e-flex e-con-boxed e-con e-parent\" data-id=\"c4645f2\" data-element_type=\"container\" data-e-type=\"container\">\n\t\t\t\t\t<div class=\"e-con-inner\">\n\t\t<div data-particle_enable=\"false\" data-particle-mobile-disabled=\"false\" class=\"elementor-element elementor-element-b8a4857 e-con-full e-flex e-con e-child\" data-id=\"b8a4857\" data-element_type=\"container\" data-e-type=\"container\">\n\t\t\t\t<div class=\"elementor-element elementor-element-211fcbc elementor-widget elementor-widget-image\" data-id=\"211fcbc\" data-element_type=\"widget\" data-e-type=\"widget\" data-widget_type=\"image.default\">\n\t\t\t\t<div class=\"elementor-widget-container\">\n\t\t\t\t\t\t\t\t\t\t\t\t\t\t\t<img fetchpriority=\"high\" decoding=\"async\" width=\"800\" height=\"534\" src=\"https:\/\/cdumesnil.com\/wp-content\/uploads\/2024\/12\/8-Tutoriel-sur-les-NFT-creez-votre-premier-NFT-facilement-1-1024x683-1.png\" class=\"attachment-large size-large wp-image-1824\" alt=\"\" srcset=\"https:\/\/cdumesnil.com\/wp-content\/uploads\/2024\/12\/8-Tutoriel-sur-les-NFT-creez-votre-premier-NFT-facilement-1-1024x683-1.png 1024w, https:\/\/cdumesnil.com\/wp-content\/uploads\/2024\/12\/8-Tutoriel-sur-les-NFT-creez-votre-premier-NFT-facilement-1-1024x683-1-300x200.png 300w, https:\/\/cdumesnil.com\/wp-content\/uploads\/2024\/12\/8-Tutoriel-sur-les-NFT-creez-votre-premier-NFT-facilement-1-1024x683-1-768x512.png 768w\" sizes=\"(max-width: 800px) 100vw, 800px\" \/>\t\t\t\t\t\t\t\t\t\t\t\t\t\t\t<\/div>\n\t\t\t\t<\/div>\n\t\t\t\t<\/div>\n\t\t<div data-particle_enable=\"false\" data-particle-mobile-disabled=\"false\" class=\"elementor-element elementor-element-ac2a397 e-con-full e-flex e-con e-child\" data-id=\"ac2a397\" data-element_type=\"container\" data-e-type=\"container\" data-settings=\"{&quot;motion_fx_motion_fx_scrolling&quot;:&quot;yes&quot;,&quot;motion_fx_devices&quot;:[&quot;desktop&quot;,&quot;tablet&quot;,&quot;mobile&quot;]}\">\n\t\t\t\t<div class=\"elementor-element elementor-element-146df31 elementor-widget elementor-widget-text-editor\" data-id=\"146df31\" data-element_type=\"widget\" data-e-type=\"widget\" data-widget_type=\"text-editor.default\">\n\t\t\t\t<div class=\"elementor-widget-container\">\n\t\t\t\t\t\t\t\t\t<p>Le Cabinet conseille les auteur\u00b7rice\u00b7s et les\u00a0entrepreneur\u00b7e\u00b7s dans le cadre du d\u00e9veloppement de leur projets cr\u00e9atifs mat\u00e9riels ou\u00a0immat\u00e9riels (NFT, etc.).<\/p><p>\u00a0<\/p>\t\t\t\t\t\t\t\t<\/div>\n\t\t\t\t<\/div>\n\t\t\t\t<\/div>\n\t\t<div data-particle_enable=\"false\" data-particle-mobile-disabled=\"false\" class=\"elementor-element elementor-element-b5fa642 e-con-full e-flex e-con e-child\" data-id=\"b5fa642\" data-element_type=\"container\" data-e-type=\"container\">\n\t\t\t\t<div class=\"elementor-element elementor-element-3d88952 elementor-widget elementor-widget-heading\" data-id=\"3d88952\" data-element_type=\"widget\" data-e-type=\"widget\" data-widget_type=\"heading.default\">\n\t\t\t\t<div class=\"elementor-widget-container\">\n\t\t\t\t\t<h2 class=\"elementor-heading-title elementor-size-default\">\tAuteurs et Autrices, Entrepreneur et Entrepreneures porteurs de projets innovants<\/h2>\t\t\t\t<\/div>\n\t\t\t\t<\/div>\n\t\t\t\t<\/div>\n\t\t\t\t<div class=\"elementor-element elementor-element-9f02bb1 elementor-widget elementor-widget-text-editor\" data-id=\"9f02bb1\" data-element_type=\"widget\" data-e-type=\"widget\" data-widget_type=\"text-editor.default\">\n\t\t\t\t<div class=\"elementor-widget-container\">\n\t\t\t\t\t\t\t\t\t<p><b>Conna\u00eetre ses droits. <\/b>Le Cabinet vous informe sur vos droits,vous aide \u00e0 les comprendre et vous accompagne dans la conception d\u2019une strat\u00e9gie adapt\u00e9e de protection de votre propri\u00e9t\u00e9 intellectuelle.<\/p><p><b> N\u00e9gocier ses contrats.<\/b>Le Cabinet vous conseille et vous assiste lors de la\u00a0n\u00e9gociation\u00a0de vos contrats de licence,\u00a0d\u2019\u00e9tude, ou de cession de droits de propri\u00e9t\u00e9 intellectuelle, \u00e0 l\u2019image, sur votre r\u00e9cit de vie, etc.<\/p><p><b> Libert\u00e9 d\u2019exploitation. <\/b>Le Cabinet vous guide dans la v\u00e9rification des conditions d&rsquo;utilisation d\u2019\u0153uvres existantes (notamment en cas de projets collaboratifs) et des conditions d\u2019exploitation\u00a0de donn\u00e9es (notamment personnelles).<\/p><p><b> R\u00e9gler les diff\u00e9rends. <\/b>Le cabinet vous assiste dans la r\u00e9solution de litiges, en privil\u00e9giant le r\u00e8glement amiable ou, si n\u00e9cessaire, par une action contentieuse. Il vous conseille, vous assiste et vous repr\u00e9sente \u00e9galement en cas d\u2019action en contrefa\u00e7on.<\/p><p><b> Comp\u00e9tences sp\u00e9cifiques<\/b><b><\/b><\/p><ul><li style=\"list-style-type: none;\"><ul><li style=\"list-style-type: none;\"><ul><li>\u00a0Propri\u00e9t\u00e9 intellectuelle en droit international<\/li><li>\u00a0Propri\u00e9t\u00e9 intellectuelle en Inde<\/li><li>\u00a0Droit fran\u00e7ais<\/li><li><span style=\"text-align: var(--text-align);\">Droit californien<\/span><\/li><\/ul><\/li><\/ul><\/li><\/ul>\t\t\t\t\t\t\t\t<\/div>\n\t\t\t\t<\/div>\n\t\t<div data-particle_enable=\"false\" data-particle-mobile-disabled=\"false\" class=\"elementor-element elementor-element-8448214 e-con-full e-flex e-con e-child\" data-id=\"8448214\" data-element_type=\"container\" data-e-type=\"container\">\n\t\t\t\t<div class=\"elementor-element elementor-element-8c15166 elementor-widget elementor-widget-heading\" data-id=\"8c15166\" data-element_type=\"widget\" data-e-type=\"widget\" data-widget_type=\"heading.default\">\n\t\t\t\t<div class=\"elementor-widget-container\">\n\t\t\t\t\t<h2 class=\"elementor-heading-title elementor-size-default\">\u00a0\n\nCr\u00e9ateurs et cr\u00e9atrices, entreprises<\/h2>\t\t\t\t<\/div>\n\t\t\t\t<\/div>\n\t\t\t\t<\/div>\n\t\t\t\t<div class=\"elementor-element elementor-element-5f15bd1 elementor-widget elementor-widget-text-editor\" data-id=\"5f15bd1\" data-element_type=\"widget\" data-e-type=\"widget\" data-widget_type=\"text-editor.default\">\n\t\t\t\t<div class=\"elementor-widget-container\">\n\t\t\t\t\t\t\t\t\t<p><b>Strat\u00e9gie d\u2019innovation. <\/b>Le Cabinet accompagne ses client\u00b7e\u00b7s dans la conception de leur strat\u00e9gie d&rsquo;innovation et dans la protection de leurs cr\u00e9ations.<\/p><p><b> Protection des marques. <\/b>Le Cabinet conseille et assiste ses client\u00b7e\u00b7s dans la v\u00e9rification de la disponibilit\u00e9 de leur marque et dans les d\u00e9marches li\u00e9es \u00e0 son d\u00e9p\u00f4t.<\/p>\t\t\t\t\t\t\t\t<\/div>\n\t\t\t\t<\/div>\n\t\t\t\t\t<\/div>\n\t\t\t\t<\/div>\n\t\t\t\t<\/div>\n\t\t","protected":false},"excerpt":{"rendered":"<p>Propri\u00e9t\u00e9 intellectuelle Le Cabinet conseille les auteur\u00b7rice\u00b7s et les\u00a0entrepreneur\u00b7e\u00b7s dans le cadre du d\u00e9veloppement de leur projets cr\u00e9atifs mat\u00e9riels ou\u00a0immat\u00e9riels (NFT, etc.). \u00a0 Auteurs et Autrices, Entrepreneur et Entrepreneures porteurs de projets innovants Conna\u00eetre ses droits. Le Cabinet vous informe sur vos droits,vous aide \u00e0 les comprendre et vous accompagne dans la conception d\u2019une strat\u00e9gie [&hellip;]<\/p>\n","protected":false},"author":1,"featured_media":0,"parent":0,"menu_order":0,"comment_status":"closed","ping_status":"closed","template":"elementor_header_footer","meta":{"footnotes":""},"class_list":["post-1686","page","type-page","status-publish","hentry"],"_links":{"self":[{"href":"https:\/\/cdumesnil.com\/en_us\/wp-json\/wp\/v2\/pages\/1686","targetHints":{"allow":["GET"]}}],"collection":[{"href":"https:\/\/cdumesnil.com\/en_us\/wp-json\/wp\/v2\/pages"}],"about":[{"href":"https:\/\/cdumesnil.com\/en_us\/wp-json\/wp\/v2\/types\/page"}],"author":[{"embeddable":true,"href":"https:\/\/cdumesnil.com\/en_us\/wp-json\/wp\/v2\/users\/1"}],"replies":[{"embeddable":true,"href":"https:\/\/cdumesnil.com\/en_us\/wp-json\/wp\/v2\/comments?post=1686"}],"version-history":[{"count":64,"href":"https:\/\/cdumesnil.com\/en_us\/wp-json\/wp\/v2\/pages\/1686\/revisions"}],"predecessor-version":[{"id":2955,"href":"https:\/\/cdumesnil.com\/en_us\/wp-json\/wp\/v2\/pages\/1686\/revisions\/2955"}],"wp:attachment":[{"href":"https:\/\/cdumesnil.com\/en_us\/wp-json\/wp\/v2\/media?parent=1686"}],"curies":[{"name":"wp","href":"https:\/\/api.w.org\/{rel}","templated":true}]}}