{"id":656,"date":"2024-11-23T21:24:46","date_gmt":"2024-11-23T20:24:46","guid":{"rendered":"https:\/\/cdumesnil.com\/?page_id=656"},"modified":"2026-04-16T15:20:48","modified_gmt":"2026-04-16T13:20:48","slug":"acceuil","status":"publish","type":"page","link":"https:\/\/cdumesnil.com\/en_us\/","title":{"rendered":"Home"},"content":{"rendered":"<div data-elementor-type=\"wp-page\" data-elementor-id=\"656\" class=\"elementor elementor-656\" data-elementor-post-type=\"page\">\n\t\t\t\t<div data-particle_enable=\"false\" data-particle-mobile-disabled=\"false\" class=\"elementor-element elementor-element-55e6789 e-con-full e-flex e-con e-parent\" data-id=\"55e6789\" data-element_type=\"container\" data-e-type=\"container\" data-settings=\"{&quot;background_background&quot;:&quot;classic&quot;}\">\n\t\t\t\t<div data-translatex=\"{&quot;size&quot;:30,&quot;unit&quot;:&quot;px&quot;}\" data-opacity=\"{&quot;opacity&quot;:1}\" data-event_function=\"{&quot;tween&quot;:&quot;to&quot;}\" class=\"eael_smooth_animation elementor-element elementor-element-f29fb8d animated-slow elementor-invisible elementor-widget elementor-widget-heading\" data-id=\"f29fb8d\" data-element_type=\"widget\" data-e-type=\"widget\" data-settings=\"{&quot;_animation&quot;:&quot;fadeIn&quot;,&quot;_animation_delay&quot;:1200}\" data-widget_type=\"heading.default\">\n\t\t\t\t<div class=\"elementor-widget-container\">\n\t\t\t\t\t<h2 class=\"elementor-heading-title elementor-size-default\">Choralyne Dumesnil\n<\/h2>\t\t\t\t<\/div>\n\t\t\t\t<\/div>\n\t\t\t\t<div class=\"elementor-element elementor-element-1268295 elementor-widget-divider--view-line elementor-widget elementor-widget-divider\" data-id=\"1268295\" data-element_type=\"widget\" data-e-type=\"widget\" data-widget_type=\"divider.default\">\n\t\t\t\t<div class=\"elementor-widget-container\">\n\t\t\t\t\t\t\t<div class=\"elementor-divider\">\n\t\t\t<span class=\"elementor-divider-separator\">\n\t\t\t\t\t\t<\/span>\n\t\t<\/div>\n\t\t\t\t\t\t<\/div>\n\t\t\t\t<\/div>\n\t\t\t\t<div data-translatex=\"{&quot;size&quot;:30,&quot;unit&quot;:&quot;px&quot;}\" data-opacity=\"{&quot;opacity&quot;:1}\" data-event_function=\"{&quot;tween&quot;:&quot;to&quot;}\" class=\"eael_smooth_animation elementor-element elementor-element-668261c elementor-widget__width-initial animated-slow elementor-invisible elementor-widget elementor-widget-heading\" data-id=\"668261c\" data-element_type=\"widget\" data-e-type=\"widget\" data-settings=\"{&quot;_animation&quot;:&quot;fadeIn&quot;,&quot;_animation_delay&quot;:1800}\" data-widget_type=\"heading.default\">\n\t\t\t\t<div class=\"elementor-widget-container\">\n\t\t\t\t\t<h2 class=\"elementor-heading-title elementor-size-default\">Defense of Women and Children<\/h2>\t\t\t\t<\/div>\n\t\t\t\t<\/div>\n\t\t\t\t<div class=\"elementor-element elementor-element-34cee34 elementor-widget-divider--view-line elementor-widget elementor-widget-divider\" data-id=\"34cee34\" data-element_type=\"widget\" data-e-type=\"widget\" data-widget_type=\"divider.default\">\n\t\t\t\t<div class=\"elementor-widget-container\">\n\t\t\t\t\t\t\t<div class=\"elementor-divider\">\n\t\t\t<span class=\"elementor-divider-separator\">\n\t\t\t\t\t\t<\/span>\n\t\t<\/div>\n\t\t\t\t\t\t<\/div>\n\t\t\t\t<\/div>\n\t\t\t\t<div data-translatex=\"{&quot;size&quot;:30,&quot;unit&quot;:&quot;px&quot;}\" data-opacity=\"{&quot;opacity&quot;:1}\" data-event_function=\"{&quot;tween&quot;:&quot;to&quot;}\" class=\"eael_smooth_animation elementor-element elementor-element-f587a6d elementor-widget__width-initial animated-slow elementor-invisible elementor-widget elementor-widget-heading\" data-id=\"f587a6d\" data-element_type=\"widget\" data-e-type=\"widget\" data-settings=\"{&quot;_animation&quot;:&quot;fadeIn&quot;,&quot;_animation_delay&quot;:2400}\" data-widget_type=\"heading.default\">\n\t\t\t\t<div class=\"elementor-widget-container\">\n\t\t\t\t\t<h2 class=\"elementor-heading-title elementor-size-default\">Protection of Creations and Support of Innovative Projects<\/h2>\t\t\t\t<\/div>\n\t\t\t\t<\/div>\n\t\t\t\t<div class=\"elementor-element elementor-element-fabe1f6 animated-slow elementor-invisible elementor-widget elementor-widget-heading\" data-id=\"fabe1f6\" data-element_type=\"widget\" data-e-type=\"widget\" data-settings=\"{&quot;_animation&quot;:&quot;fadeInLeft&quot;,&quot;_animation_delay&quot;:3200}\" data-widget_type=\"heading.default\">\n\t\t\t\t<div class=\"elementor-widget-container\">\n\t\t\t\t\t<h2 class=\"elementor-heading-title elementor-size-default\">Member of the Paris Bar, member of the State Bar of California<\/h2>\t\t\t\t<\/div>\n\t\t\t\t<\/div>\n\t\t<div data-particle_enable=\"false\" data-particle-mobile-disabled=\"false\" class=\"elementor-element elementor-element-2692c5e e-con-full e-flex e-con e-child\" data-id=\"2692c5e\" data-element_type=\"container\" data-e-type=\"container\">\n\t\t\t\t<div class=\"elementor-element elementor-element-7d283e4 button-class elementor-widget elementor-widget-button\" data-id=\"7d283e4\" data-element_type=\"widget\" data-e-type=\"widget\" data-widget_type=\"button.default\">\n\t\t\t\t<div class=\"elementor-widget-container\">\n\t\t\t\t\t\t\t\t\t<div class=\"elementor-button-wrapper\">\n\t\t\t\t\t<a class=\"elementor-button elementor-button-link elementor-size-sm elementor-animation-grow\" href=\"https:\/\/cdumesnil.com\/en_us\/violences-sexuelles-et-sexiste\/\">\n\t\t\t\t\t\t<span class=\"elementor-button-content-wrapper\">\n\t\t\t\t\t\t\t\t\t<span class=\"elementor-button-text\">Sexual and Gender-Based Violence<\/span>\n\t\t\t\t\t<\/span>\n\t\t\t\t\t<\/a>\n\t\t\t\t<\/div>\n\t\t\t\t\t\t\t\t<\/div>\n\t\t\t\t<\/div>\n\t\t\t\t<div class=\"elementor-element elementor-element-e8537f7 button-class elementor-widget elementor-widget-button\" data-id=\"e8537f7\" data-element_type=\"widget\" data-e-type=\"widget\" data-widget_type=\"button.default\">\n\t\t\t\t<div class=\"elementor-widget-container\">\n\t\t\t\t\t\t\t\t\t<div class=\"elementor-button-wrapper\">\n\t\t\t\t\t<a class=\"elementor-button elementor-button-link elementor-size-sm elementor-animation-grow\" href=\"http:\/\/192.168.64.3:8888\/wordpress\/divorce\/\">\n\t\t\t\t\t\t<span class=\"elementor-button-content-wrapper\">\n\t\t\t\t\t\t\t\t\t<span class=\"elementor-button-text\">Divorce<\/span>\n\t\t\t\t\t<\/span>\n\t\t\t\t\t<\/a>\n\t\t\t\t<\/div>\n\t\t\t\t\t\t\t\t<\/div>\n\t\t\t\t<\/div>\n\t\t\t\t<div class=\"elementor-element elementor-element-39b47a8 button-class elementor-widget elementor-widget-button\" data-id=\"39b47a8\" data-element_type=\"widget\" data-e-type=\"widget\" data-widget_type=\"button.default\">\n\t\t\t\t<div class=\"elementor-widget-container\">\n\t\t\t\t\t\t\t\t\t<div class=\"elementor-button-wrapper\">\n\t\t\t\t\t<a class=\"elementor-button elementor-button-link elementor-size-sm elementor-animation-grow\" href=\"http:\/\/192.168.64.3:8888\/wordpress\/droit-international\/\">\n\t\t\t\t\t\t<span class=\"elementor-button-content-wrapper\">\n\t\t\t\t\t\t\t\t\t<span class=\"elementor-button-text\">International Law<\/span>\n\t\t\t\t\t<\/span>\n\t\t\t\t\t<\/a>\n\t\t\t\t<\/div>\n\t\t\t\t\t\t\t\t<\/div>\n\t\t\t\t<\/div>\n\t\t\t\t<div class=\"elementor-element elementor-element-f043fb1 button-class elementor-widget elementor-widget-button\" data-id=\"f043fb1\" data-element_type=\"widget\" data-e-type=\"widget\" data-widget_type=\"button.default\">\n\t\t\t\t<div class=\"elementor-widget-container\">\n\t\t\t\t\t\t\t\t\t<div class=\"elementor-button-wrapper\">\n\t\t\t\t\t<a class=\"elementor-button elementor-button-link elementor-size-sm elementor-animation-grow\" href=\"https:\/\/cdumesnil.com\/en_us\/propriete-intellectuelle\/\">\n\t\t\t\t\t\t<span class=\"elementor-button-content-wrapper\">\n\t\t\t\t\t\t\t\t\t<span class=\"elementor-button-text\">Intellectual Property Law<\/span>\n\t\t\t\t\t<\/span>\n\t\t\t\t\t<\/a>\n\t\t\t\t<\/div>\n\t\t\t\t\t\t\t\t<\/div>\n\t\t\t\t<\/div>\n\t\t\t\t<\/div>\n\t\t\t\t<div class=\"elementor-element elementor-element-caca3c3 elementor-absolute elementor-widget-mobile__width-inherit elementor-view-default elementor-invisible elementor-widget elementor-widget-icon\" data-id=\"caca3c3\" data-element_type=\"widget\" data-e-type=\"widget\" data-settings=\"{&quot;_position&quot;:&quot;absolute&quot;,&quot;_animation&quot;:&quot;slideInDown&quot;}\" data-widget_type=\"icon.default\">\n\t\t\t\t<div class=\"elementor-widget-container\">\n\t\t\t\t\t\t\t<div class=\"elementor-icon-wrapper\">\n\t\t\t<a class=\"elementor-icon elementor-animation-sink\" href=\"#next\">\n\t\t\t<svg aria-hidden=\"true\" class=\"e-font-icon-svg e-fas-angle-double-right\" viewbox=\"0 0 448 512\" xmlns=\"http:\/\/www.w3.org\/2000\/svg\"><path d=\"M224.3 273l-136 136c-9.4 9.4-24.6 9.4-33.9 0l-22.6-22.6c-9.4-9.4-9.4-24.6 0-33.9l96.4-96.4-96.4-96.4c-9.4-9.4-9.4-24.6 0-33.9L54.3 103c9.4-9.4 24.6-9.4 33.9 0l136 136c9.5 9.4 9.5 24.6.1 34zm192-34l-136-136c-9.4-9.4-24.6-9.4-33.9 0l-22.6 22.6c-9.4 9.4-9.4 24.6 0 33.9l96.4 96.4-96.4 96.4c-9.4 9.4-9.4 24.6 0 33.9l22.6 22.6c9.4 9.4 24.6 9.4 33.9 0l136-136c9.4-9.2 9.4-24.4 0-33.8z\"><\/path><\/svg>\t\t\t<\/a>\n\t\t<\/div>\n\t\t\t\t\t\t<\/div>\n\t\t\t\t<\/div>\n\t\t\t\t<\/div>\n\t\t<div data-particle_enable=\"false\" data-particle-mobile-disabled=\"false\" class=\"elementor-element elementor-element-39d2b14 e-con-full e-flex e-con e-parent\" data-id=\"39d2b14\" data-element_type=\"container\" data-e-type=\"container\">\n\t\t\t\t<\/div>\n\t\t<div data-particle_enable=\"false\" data-particle-mobile-disabled=\"false\" class=\"elementor-element elementor-element-7a600ed e-con-full e-flex e-con e-parent\" data-id=\"7a600ed\" data-element_type=\"container\" data-e-type=\"container\" data-settings=\"{&quot;background_background&quot;:&quot;slideshow&quot;,&quot;background_slideshow_gallery&quot;:[],&quot;background_slideshow_loop&quot;:&quot;yes&quot;,&quot;background_slideshow_slide_duration&quot;:5000,&quot;background_slideshow_slide_transition&quot;:&quot;fade&quot;,&quot;background_slideshow_transition_duration&quot;:500}\">\n\t\t<div data-particle_enable=\"false\" data-particle-mobile-disabled=\"false\" class=\"elementor-element elementor-element-1478429 e-con-full e-flex e-con e-child\" data-id=\"1478429\" data-element_type=\"container\" data-e-type=\"container\">\n\t\t\t\t<div class=\"elementor-element elementor-element-8d24b34 elementor-widget elementor-widget-image\" data-id=\"8d24b34\" data-element_type=\"widget\" data-e-type=\"widget\" data-widget_type=\"image.default\">\n\t\t\t\t<div class=\"elementor-widget-container\">\n\t\t\t\t\t\t\t\t\t\t\t\t\t\t\t<img fetchpriority=\"high\" decoding=\"async\" width=\"700\" height=\"865\" src=\"https:\/\/cdumesnil.com\/wp-content\/uploads\/2026\/04\/Choralyne_Dumesnil_Avocate_Attorney_violence_returned_lawyer.png\" class=\"attachment-medium_large size-medium_large wp-image-3274\" alt=\"\" srcset=\"https:\/\/cdumesnil.com\/wp-content\/uploads\/2026\/04\/Choralyne_Dumesnil_Avocate_Attorney_violence_returned_lawyer.png 700w, https:\/\/cdumesnil.com\/wp-content\/uploads\/2026\/04\/Choralyne_Dumesnil_Avocate_Attorney_violence_returned_lawyer-243x300.png 243w, https:\/\/cdumesnil.com\/wp-content\/uploads\/2026\/04\/Choralyne_Dumesnil_Avocate_Attorney_violence_returned_lawyer-10x12.png 10w\" sizes=\"(max-width: 700px) 100vw, 700px\" \/>\t\t\t\t\t\t\t\t\t\t\t\t\t\t\t<\/div>\n\t\t\t\t<\/div>\n\t\t\t\t<\/div>\n\t\t<div data-particle_enable=\"false\" data-particle-mobile-disabled=\"false\" class=\"elementor-element elementor-element-2be7f37 e-con-full e-flex e-con e-child\" data-id=\"2be7f37\" data-element_type=\"container\" data-e-type=\"container\">\n\t\t<div data-particle_enable=\"false\" data-particle-mobile-disabled=\"false\" class=\"elementor-element elementor-element-1fe49b1 e-con-full e-flex e-con e-child\" data-id=\"1fe49b1\" data-element_type=\"container\" data-e-type=\"container\">\n\t\t\t\t<div class=\"elementor-element elementor-element-e304fd2 elementor-widget elementor-widget-heading\" data-id=\"e304fd2\" data-element_type=\"widget\" data-e-type=\"widget\" data-widget_type=\"heading.default\">\n\t\t\t\t<div class=\"elementor-widget-container\">\n\t\t\t\t\t<h2 class=\"elementor-heading-title elementor-size-default\">Choralyne Dumesnil<\/h2>\t\t\t\t<\/div>\n\t\t\t\t<\/div>\n\t\t\t\t<\/div>\n\t\t\t\t<div class=\"elementor-element elementor-element-c251eb4 elementor-widget elementor-widget-heading\" data-id=\"c251eb4\" data-element_type=\"widget\" data-e-type=\"widget\" data-widget_type=\"heading.default\">\n\t\t\t\t<div class=\"elementor-widget-container\">\n\t\t\t\t\t<h2 class=\"elementor-heading-title elementor-size-default\">The Firm<\/h2>\t\t\t\t<\/div>\n\t\t\t\t<\/div>\n\t\t\t\t<div class=\"elementor-element elementor-element-c96b75b elementor-widget elementor-widget-text-editor\" data-id=\"c96b75b\" data-element_type=\"widget\" data-e-type=\"widget\" data-widget_type=\"text-editor.default\">\n\t\t\t\t<div class=\"elementor-widget-container\">\n\t\t\t\t\t\t\t\t\t<div id=\"container_45187308\" class=\"sb-bloc sb-bloc-level-3 bloc-element-title\"><div class=\"element element-title sb-vi-text-left theme-skin\"><div>Located in the 8th arrondissement of Paris, the law firm of Choralyne Dumesnil, an attorney admitted to the bars of Paris and California, advises, assists, and, when litigation becomes necessary, represents clients before courts in the following areas: divorce, sexual and gender-based violence, and intellectual property law.\u00a0<\/div><div>\u00a0<\/div><div>Choralyne Dumesnil Dumesnil designs and delivers training programs in her areas of expertise.<\/div><div>\u00a0<\/div><div>She also serves as the General Secretary of the French Association of Women Lawyers (AFFJ).<\/div><\/div><\/div>\t\t\t\t\t\t\t\t<\/div>\n\t\t\t\t<\/div>\n\t\t\t\t<\/div>\n\t\t\t\t<\/div>\n\t\t<div data-particle_enable=\"false\" data-particle-mobile-disabled=\"false\" class=\"elementor-element elementor-element-a9d8d6e e-flex e-con-boxed e-con e-parent\" data-id=\"a9d8d6e\" data-element_type=\"container\" data-e-type=\"container\">\n\t\t\t\t\t<div class=\"e-con-inner\">\n\t\t\t\t<div class=\"elementor-element elementor-element-e3d7dbd elementor-widget elementor-widget-heading\" data-id=\"e3d7dbd\" data-element_type=\"widget\" data-e-type=\"widget\" data-widget_type=\"heading.default\">\n\t\t\t\t<div class=\"elementor-widget-container\">\n\t\t\t\t\t<h2 class=\"elementor-heading-title elementor-size-default\">Latest Publications<\/h2>\t\t\t\t<\/div>\n\t\t\t\t<\/div>\n\t\t\t\t\t<\/div>\n\t\t\t\t<\/div>\n\t\t<div data-particle_enable=\"false\" data-particle-mobile-disabled=\"false\" class=\"elementor-element elementor-element-e7bfa26 e-flex e-con-boxed e-con e-parent\" data-id=\"e7bfa26\" data-element_type=\"container\" data-e-type=\"container\">\n\t\t\t\t\t<div class=\"e-con-inner\">\n\t\t\t\t<div class=\"elementor-element elementor-element-5c3cfcf elementor-posts--thumbnail-none elementor-grid-3 elementor-grid-tablet-2 elementor-grid-mobile-1 elementor-card-shadow-yes elementor-posts__hover-gradient elementor-widget elementor-widget-posts\" data-id=\"5c3cfcf\" data-element_type=\"widget\" data-e-type=\"widget\" data-settings=\"{&quot;cards_columns&quot;:&quot;3&quot;,&quot;cards_columns_tablet&quot;:&quot;2&quot;,&quot;cards_columns_mobile&quot;:&quot;1&quot;,&quot;cards_row_gap&quot;:{&quot;unit&quot;:&quot;px&quot;,&quot;size&quot;:35,&quot;sizes&quot;:[]},&quot;cards_row_gap_tablet&quot;:{&quot;unit&quot;:&quot;px&quot;,&quot;size&quot;:&quot;&quot;,&quot;sizes&quot;:[]},&quot;cards_row_gap_mobile&quot;:{&quot;unit&quot;:&quot;px&quot;,&quot;size&quot;:&quot;&quot;,&quot;sizes&quot;:[]}}\" data-widget_type=\"posts.cards\">\n\t\t\t\t<div class=\"elementor-widget-container\">\n\t\t\t\t\t\t\t<div class=\"elementor-posts-container elementor-posts elementor-posts--skin-cards elementor-grid\">\n\t\t\t\t<article class=\"elementor-post elementor-grid-item post-3239 post type-post status-publish format-standard hentry category-competences category-propriete-intellectuelle\">\n\t\t\t<div class=\"elementor-post__card\">\n\t\t\t\t<div class=\"elementor-post__text\">\n\t\t\t\t<h3 class=\"elementor-post__title\">\n\t\t\t<a href=\"https:\/\/cdumesnil.com\/en_us\/2026\/03\/10\/propriete-intellectuelle-pour-ta-start-up-breve-checklist-en-5-etapes\/\" >\n\t\t\t\tPropri\u00e9t\u00e9 intellectuelle pour ta start-up\u00a0? Br\u00e8ve checklist en 5 \u00e9tapes\t\t\t<\/a>\n\t\t<\/h3>\n\t\t\t\t<div class=\"elementor-post__excerpt\">\n\t\t\t<p>Alors \u00e7a y est\u00a0? Le projet est sorti du garage, de la maison, il est<\/p>\n\t\t<\/div>\n\t\t\n\t\t<a class=\"elementor-post__read-more\" href=\"https:\/\/cdumesnil.com\/en_us\/2026\/03\/10\/propriete-intellectuelle-pour-ta-start-up-breve-checklist-en-5-etapes\/\" aria-label=\"Read more about Propri\u00e9t\u00e9 intellectuelle pour ta start-up\u00a0? Br\u00e8ve checklist en 5 \u00e9tapes\" tabindex=\"-1\" >\n\t\t\tRead more\t\t<\/a>\n\n\t\t\t\t<\/div>\n\t\t\t\t<div class=\"elementor-post__meta-data\">\n\t\t\t\t\t<span class=\"elementor-post-date\">\n\t\t\t10 March 2026\t\t<\/span>\n\t\t\t\t<span class=\"elementor-post-avatar\">\n\t\t\tNo Comments\t\t<\/span>\n\t\t\t\t<\/div>\n\t\t\t\t\t<\/div>\n\t\t<\/article>\n\t\t\t\t<article class=\"elementor-post elementor-grid-item post-3187 post type-post status-publish format-standard hentry category-sexisme tag-femme tag-sexual-violence tag-violences-sexuelles-et-sexistes tag-women\">\n\t\t\t<div class=\"elementor-post__card\">\n\t\t\t\t<div class=\"elementor-post__text\">\n\t\t\t\t<h3 class=\"elementor-post__title\">\n\t\t\t<a href=\"https:\/\/cdumesnil.com\/en_us\/2026\/01\/06\/les-ateliers-de-la-liberte-ressources-sur-la-deconstruction-du-mythe-de-la-beaute-2\/\" >\n\t\t\t\tThe Workshops of Freedom: Resources on Deconstructing the Beauty Myth\t\t\t<\/a>\n\t\t<\/h3>\n\t\t\t\t<div class=\"elementor-post__excerpt\">\n\t\t\t<p>The Beauty Myth: Stop. Not long ago, I was talking with some teachers and\u2026<\/p>\n\t\t<\/div>\n\t\t\n\t\t<a class=\"elementor-post__read-more\" href=\"https:\/\/cdumesnil.com\/en_us\/2026\/01\/06\/les-ateliers-de-la-liberte-ressources-sur-la-deconstruction-du-mythe-de-la-beaute-2\/\" aria-label=\"Read more about Les ateliers de la libert\u00e9 : Ressources sur la d\u00e9construction du mythe de la beaut\u00e9\" tabindex=\"-1\" >\n\t\t\tRead more\t\t<\/a>\n\n\t\t\t\t<\/div>\n\t\t\t\t<div class=\"elementor-post__meta-data\">\n\t\t\t\t\t<span class=\"elementor-post-date\">\n\t\t\t6 January 2026\t\t<\/span>\n\t\t\t\t<span class=\"elementor-post-avatar\">\n\t\t\tNo Comments\t\t<\/span>\n\t\t\t\t<\/div>\n\t\t\t\t\t<\/div>\n\t\t<\/article>\n\t\t\t\t<article class=\"elementor-post elementor-grid-item post-3190 post type-post status-publish format-standard hentry category-sexisme category-stereotype tag-femme tag-sexual-violence tag-violences-sexuelles-et-sexistes tag-women\">\n\t\t\t<div class=\"elementor-post__card\">\n\t\t\t\t<div class=\"elementor-post__text\">\n\t\t\t\t<h3 class=\"elementor-post__title\">\n\t\t\t<a href=\"https:\/\/cdumesnil.com\/en_us\/2026\/01\/06\/les-ateliers-de-la-liberte-lutter-contre-les-stereotypes-sexistes\/\" >\n\t\t\t\tThe Workshops of Freedom: Fighting Against Gender Stereotypes\t\t\t<\/a>\n\t\t<\/h3>\n\t\t\t\t<div class=\"elementor-post__excerpt\">\n\t\t\t<p>Workshops for Freedom: Resources to Fight Gender Stereotypes. Gender stereotypes still govern\u2026<\/p>\n\t\t<\/div>\n\t\t\n\t\t<a class=\"elementor-post__read-more\" href=\"https:\/\/cdumesnil.com\/en_us\/2026\/01\/06\/les-ateliers-de-la-liberte-lutter-contre-les-stereotypes-sexistes\/\" aria-label=\"Read more about Les ateliers de la libert\u00e9 : lutter contre les st\u00e9r\u00e9otypes sexistes\" tabindex=\"-1\" >\n\t\t\tRead more\t\t<\/a>\n\n\t\t\t\t<\/div>\n\t\t\t\t<div class=\"elementor-post__meta-data\">\n\t\t\t\t\t<span class=\"elementor-post-date\">\n\t\t\t6 January 2026\t\t<\/span>\n\t\t\t\t<span class=\"elementor-post-avatar\">\n\t\t\tNo Comments\t\t<\/span>\n\t\t\t\t<\/div>\n\t\t\t\t\t<\/div>\n\t\t<\/article>\n\t\t\t\t<\/div>\n\t\t\n\t\t\t\t\t\t<\/div>\n\t\t\t\t<\/div>\n\t\t\t\t\t<\/div>\n\t\t\t\t<\/div>\n\t\t\t\t<\/div>","protected":false},"excerpt":{"rendered":"<p>Avocate au barreau de Paris, avocate au barreau de Californie,<br \/>\nprotection des personnes victimes de violences conjugales,<br \/>\nde violences sexuelles et sexistes,<br \/>\ndroit de la propri\u00e9t\u00e9 intellectuelle<\/p>","protected":false},"author":1,"featured_media":692,"parent":0,"menu_order":0,"comment_status":"closed","ping_status":"closed","template":"elementor_header_footer","meta":{"footnotes":""},"class_list":["post-656","page","type-page","status-publish","has-post-thumbnail","hentry"],"_links":{"self":[{"href":"https:\/\/cdumesnil.com\/en_us\/wp-json\/wp\/v2\/pages\/656","targetHints":{"allow":["GET"]}}],"collection":[{"href":"https:\/\/cdumesnil.com\/en_us\/wp-json\/wp\/v2\/pages"}],"about":[{"href":"https:\/\/cdumesnil.com\/en_us\/wp-json\/wp\/v2\/types\/page"}],"author":[{"embeddable":true,"href":"https:\/\/cdumesnil.com\/en_us\/wp-json\/wp\/v2\/users\/1"}],"replies":[{"embeddable":true,"href":"https:\/\/cdumesnil.com\/en_us\/wp-json\/wp\/v2\/comments?post=656"}],"version-history":[{"count":303,"href":"https:\/\/cdumesnil.com\/en_us\/wp-json\/wp\/v2\/pages\/656\/revisions"}],"predecessor-version":[{"id":3284,"href":"https:\/\/cdumesnil.com\/en_us\/wp-json\/wp\/v2\/pages\/656\/revisions\/3284"}],"wp:featuredmedia":[{"embeddable":true,"href":"https:\/\/cdumesnil.com\/en_us\/wp-json\/wp\/v2\/media\/692"}],"wp:attachment":[{"href":"https:\/\/cdumesnil.com\/en_us\/wp-json\/wp\/v2\/media?parent=656"}],"curies":[{"name":"wp","href":"https:\/\/api.w.org\/{rel}","templated":true}]}}