{"id":934,"date":"2024-11-25T22:42:01","date_gmt":"2024-11-25T21:42:01","guid":{"rendered":"https:\/\/cdumesnil.com\/?page_id=934"},"modified":"2025-03-02T01:10:32","modified_gmt":"2025-03-02T00:10:32","slug":"contact","status":"publish","type":"page","link":"https:\/\/cdumesnil.com\/en_us\/contact\/","title":{"rendered":"Contact"},"content":{"rendered":"\t\t<div data-elementor-type=\"wp-page\" data-elementor-id=\"934\" class=\"elementor elementor-934\" data-elementor-post-type=\"page\">\n\t\t\t\t<div data-particle_enable=\"false\" data-particle-mobile-disabled=\"false\" class=\"elementor-element elementor-element-a70b798 e-flex e-con-boxed e-con e-parent\" data-id=\"a70b798\" data-element_type=\"container\" data-e-type=\"container\" data-settings=\"{&quot;background_background&quot;:&quot;classic&quot;}\">\n\t\t\t\t\t<div class=\"e-con-inner\">\n\t\t\t\t<div class=\"elementor-element elementor-element-ba1b250 elementor-widget elementor-widget-heading\" data-id=\"ba1b250\" data-element_type=\"widget\" data-e-type=\"widget\" data-widget_type=\"heading.default\">\n\t\t\t\t<div class=\"elementor-widget-container\">\n\t\t\t\t\t<h2 class=\"elementor-heading-title elementor-size-default\">Contacter le Cabinet<\/h2>\t\t\t\t<\/div>\n\t\t\t\t<\/div>\n\t\t\t\t\t<\/div>\n\t\t\t\t<\/div>\n\t\t<div data-particle_enable=\"false\" data-particle-mobile-disabled=\"false\" class=\"elementor-element elementor-element-263633b e-flex e-con-boxed e-con e-parent\" data-id=\"263633b\" data-element_type=\"container\" data-e-type=\"container\">\n\t\t\t\t\t<div class=\"e-con-inner\">\n\t\t<div data-particle_enable=\"false\" data-particle-mobile-disabled=\"false\" class=\"elementor-element elementor-element-1cda2bb e-con-full e-flex e-con e-child\" data-id=\"1cda2bb\" data-element_type=\"container\" data-e-type=\"container\">\n\t\t\t\t<div class=\"elementor-element elementor-element-a887138 elementor-widget elementor-widget-heading\" data-id=\"a887138\" data-element_type=\"widget\" data-e-type=\"widget\" data-widget_type=\"heading.default\">\n\t\t\t\t<div class=\"elementor-widget-container\">\n\t\t\t\t\t<h2 class=\"elementor-heading-title elementor-size-default\">Contacter le cabinet<\/h2>\t\t\t\t<\/div>\n\t\t\t\t<\/div>\n\t\t\t\t<div class=\"elementor-element elementor-element-9db89c6 elementor-align-center elementor-widget__width-initial elementor-icon-list--layout-traditional elementor-list-item-link-full_width elementor-widget elementor-widget-icon-list\" data-id=\"9db89c6\" data-element_type=\"widget\" data-e-type=\"widget\" data-widget_type=\"icon-list.default\">\n\t\t\t\t<div class=\"elementor-widget-container\">\n\t\t\t\t\t\t\t<ul class=\"elementor-icon-list-items\">\n\t\t\t\t\t\t\t<li class=\"elementor-icon-list-item\">\n\t\t\t\t\t\t\t\t\t\t\t<a href=\"mailto:contact@mysite.com\">\n\n\t\t\t\t\t\t\t\t\t\t\t<span class=\"elementor-icon-list-text\">Choralyne Dumesnil Avocate<\/span>\n\t\t\t\t\t\t\t\t\t\t\t<\/a>\n\t\t\t\t\t\t\t\t\t<\/li>\n\t\t\t\t\t\t\t\t<li class=\"elementor-icon-list-item\">\n\t\t\t\t\t\t\t\t\t\t\t<span class=\"elementor-icon-list-icon\">\n\t\t\t\t\t\t\t<svg aria-hidden=\"true\" class=\"e-font-icon-svg e-fas-map-marker\" viewBox=\"0 0 384 512\" xmlns=\"http:\/\/www.w3.org\/2000\/svg\"><path d=\"M172.268 501.67C26.97 291.031 0 269.413 0 192 0 85.961 85.961 0 192 0s192 85.961 192 192c0 77.413-26.97 99.031-172.268 309.67-9.535 13.774-29.93 13.773-39.464 0z\"><\/path><\/svg>\t\t\t\t\t\t<\/span>\n\t\t\t\t\t\t\t\t\t\t<span class=\"elementor-icon-list-text\">13 rue la Bo\u00e9tie, 75008 Paris, France<\/span>\n\t\t\t\t\t\t\t\t\t<\/li>\n\t\t\t\t\t\t\t\t<li class=\"elementor-icon-list-item\">\n\t\t\t\t\t\t\t\t\t\t\t<a href=\"tel:+33%201%2049%2011%2046%2093\">\n\n\t\t\t\t\t\t\t\t\t\t\t\t<span class=\"elementor-icon-list-icon\">\n\t\t\t\t\t\t\t<svg aria-hidden=\"true\" class=\"e-font-icon-svg e-fas-phone-volume\" viewBox=\"0 0 384 512\" xmlns=\"http:\/\/www.w3.org\/2000\/svg\"><path d=\"M97.333 506.966c-129.874-129.874-129.681-340.252 0-469.933 5.698-5.698 14.527-6.632 21.263-2.422l64.817 40.513a17.187 17.187 0 0 1 6.849 20.958l-32.408 81.021a17.188 17.188 0 0 1-17.669 10.719l-55.81-5.58c-21.051 58.261-20.612 122.471 0 179.515l55.811-5.581a17.188 17.188 0 0 1 17.669 10.719l32.408 81.022a17.188 17.188 0 0 1-6.849 20.958l-64.817 40.513a17.19 17.19 0 0 1-21.264-2.422zM247.126 95.473c11.832 20.047 11.832 45.008 0 65.055-3.95 6.693-13.108 7.959-18.718 2.581l-5.975-5.726c-3.911-3.748-4.793-9.622-2.261-14.41a32.063 32.063 0 0 0 0-29.945c-2.533-4.788-1.65-10.662 2.261-14.41l5.975-5.726c5.61-5.378 14.768-4.112 18.718 2.581zm91.787-91.187c60.14 71.604 60.092 175.882 0 247.428-4.474 5.327-12.53 5.746-17.552.933l-5.798-5.557c-4.56-4.371-4.977-11.529-.93-16.379 49.687-59.538 49.646-145.933 0-205.422-4.047-4.85-3.631-12.008.93-16.379l5.798-5.557c5.022-4.813 13.078-4.394 17.552.933zm-45.972 44.941c36.05 46.322 36.108 111.149 0 157.546-4.39 5.641-12.697 6.251-17.856 1.304l-5.818-5.579c-4.4-4.219-4.998-11.095-1.285-15.931 26.536-34.564 26.534-82.572 0-117.134-3.713-4.836-3.115-11.711 1.285-15.931l5.818-5.579c5.159-4.947 13.466-4.337 17.856 1.304z\"><\/path><\/svg>\t\t\t\t\t\t<\/span>\n\t\t\t\t\t\t\t\t\t\t<span class=\"elementor-icon-list-text\">+33 1 49 11 46 93<\/span>\n\t\t\t\t\t\t\t\t\t\t\t<\/a>\n\t\t\t\t\t\t\t\t\t<\/li>\n\t\t\t\t\t\t\t\t<li class=\"elementor-icon-list-item\">\n\t\t\t\t\t\t\t\t\t\t\t<span class=\"elementor-icon-list-icon\">\n\t\t\t\t\t\t\t<svg aria-hidden=\"true\" class=\"e-font-icon-svg e-far-calendar-alt\" viewBox=\"0 0 448 512\" xmlns=\"http:\/\/www.w3.org\/2000\/svg\"><path d=\"M148 288h-40c-6.6 0-12-5.4-12-12v-40c0-6.6 5.4-12 12-12h40c6.6 0 12 5.4 12 12v40c0 6.6-5.4 12-12 12zm108-12v-40c0-6.6-5.4-12-12-12h-40c-6.6 0-12 5.4-12 12v40c0 6.6 5.4 12 12 12h40c6.6 0 12-5.4 12-12zm96 0v-40c0-6.6-5.4-12-12-12h-40c-6.6 0-12 5.4-12 12v40c0 6.6 5.4 12 12 12h40c6.6 0 12-5.4 12-12zm-96 96v-40c0-6.6-5.4-12-12-12h-40c-6.6 0-12 5.4-12 12v40c0 6.6 5.4 12 12 12h40c6.6 0 12-5.4 12-12zm-96 0v-40c0-6.6-5.4-12-12-12h-40c-6.6 0-12 5.4-12 12v40c0 6.6 5.4 12 12 12h40c6.6 0 12-5.4 12-12zm192 0v-40c0-6.6-5.4-12-12-12h-40c-6.6 0-12 5.4-12 12v40c0 6.6 5.4 12 12 12h40c6.6 0 12-5.4 12-12zm96-260v352c0 26.5-21.5 48-48 48H48c-26.5 0-48-21.5-48-48V112c0-26.5 21.5-48 48-48h48V12c0-6.6 5.4-12 12-12h40c6.6 0 12 5.4 12 12v52h128V12c0-6.6 5.4-12 12-12h40c6.6 0 12 5.4 12 12v52h48c26.5 0 48 21.5 48 48zm-48 346V160H48v298c0 3.3 2.7 6 6 6h340c3.3 0 6-2.7 6-6z\"><\/path><\/svg>\t\t\t\t\t\t<\/span>\n\t\t\t\t\t\t\t\t\t\t<span class=\"elementor-icon-list-text\">Du Lundi au Vendredi de 9h \u00e0 19h30<\/span>\n\t\t\t\t\t\t\t\t\t<\/li>\n\t\t\t\t\t\t<\/ul>\n\t\t\t\t\t\t<\/div>\n\t\t\t\t<\/div>\n\t\t\t\t<div class=\"elementor-element elementor-element-a9148d2 elementor-widget elementor-widget-image\" data-id=\"a9148d2\" data-element_type=\"widget\" data-e-type=\"widget\" data-widget_type=\"image.default\">\n\t\t\t\t<div class=\"elementor-widget-container\">\n\t\t\t\t\t\t\t\t\t\t\t\t\t\t\t<img decoding=\"async\" src=\"https:\/\/cdumesnil.com\/wp-content\/uploads\/2024\/11\/Choralyne_D_Logo_retreci.png\" title=\"Choralyne_D_Logo_retreci\" alt=\"Choralyne_D_Logo_retreci\" loading=\"lazy\" \/>\t\t\t\t\t\t\t\t\t\t\t\t\t\t\t<\/div>\n\t\t\t\t<\/div>\n\t\t\t\t<\/div>\n\t\t<div data-particle_enable=\"false\" data-particle-mobile-disabled=\"false\" class=\"elementor-element elementor-element-c054a45 e-con-full e-flex e-con e-child\" data-id=\"c054a45\" data-element_type=\"container\" data-e-type=\"container\">\n\t\t\t\t<div class=\"elementor-element elementor-element-b1cfed3 elementor-widget elementor-widget-eael-google-map\" data-id=\"b1cfed3\" data-element_type=\"widget\" data-e-type=\"widget\" data-widget_type=\"eael-google-map.default\">\n\t\t\t\t<div class=\"elementor-widget-container\">\n\t\t\t\t\t\n\t\t\t\t\n\t\t\t\n\t\t\t<div class=\"eael-google-map eael-google-map-basic\" id=\"eael-google-map-b1cfed3\" data-id=\"b1cfed3\" data-map-center-lat=\"\" data-map-center-lng=\"\" data-map_type=\"basic\" data-map_address_type=\"coordinates\" data-map_lat=\"48.8741153\" data-map_lng=\"2.3154324\" data-map_basic_marker_title=\"Cabinet Choralyne Dusmenil\" data-map_basic_marker_content=\"Cabinet Choralyne Dusmenil\nDocteure en droit priv\u00e9\nAvocate aux barreaux de Paris et de Californie\" data-map_basic_marker_icon_width=\"32\" data-map_basic_marker_icon_height=\"32\" data-map_zoom=\"16\" data-map_markers=\"%5B%7B%22eael_google_map_marker_title%22%3A%22Map+Marker+1%22%2C%22_id%22%3A%228962a8f%22%2C%22eael_google_map_marker_lat%22%3A%2228.948790%22%2C%22eael_google_map_marker_lng%22%3A%22-81.298843%22%2C%22eael_google_map_marker_content%22%3A%22Marker+Content.+You+can+put+html+here.%22%2C%22eael_google_map_marker_icon_color%22%3A%22%23e23a47%22%2C%22eael_google_map_marker_icon_enable%22%3A%22no%22%2C%22eael_google_map_marker_icon%22%3A%7B%22url%22%3A%22%22%2C%22id%22%3A%22%22%2C%22size%22%3A%22%22%7D%2C%22eael_google_map_marker_icon_width%22%3A%2232%22%2C%22eael_google_map_marker_icon_height%22%3A%2232%22%7D%5D\" data-map_static_width=\"610\" data-map_static_height=\"300\" data-map_polylines=\"null\" data-map_stroke_color=\"#e23a47\" data-map_stroke_opacity=\"0.8\" data-map_stroke_weight=\"4\" data-map_stroke_fill_color=\"#e23a47\" data-map_stroke_fill_opacity=\"0.4\" data-map_theme=\"%22%5B%7B%5C%22featureType%5C%22%3A%5C%22administrative.locality%5C%22%2C%5C%22elementType%5C%22%3A%5C%22all%5C%22%2C%5C%22stylers%5C%22%3A%5B%7B%5C%22hue%5C%22%3A%5C%22%232c2e33%5C%22%7D%2C%7B%5C%22saturation%5C%22%3A7%7D%2C%7B%5C%22lightness%5C%22%3A19%7D%2C%7B%5C%22visibility%5C%22%3A%5C%22on%5C%22%7D%5D%7D%2C%7B%5C%22featureType%5C%22%3A%5C%22landscape%5C%22%2C%5C%22elementType%5C%22%3A%5C%22all%5C%22%2C%5C%22stylers%5C%22%3A%5B%7B%5C%22hue%5C%22%3A%5C%22%23ffffff%5C%22%7D%2C%7B%5C%22saturation%5C%22%3A-100%7D%2C%7B%5C%22lightness%5C%22%3A100%7D%2C%7B%5C%22visibility%5C%22%3A%5C%22simplified%5C%22%7D%5D%7D%2C%7B%5C%22featureType%5C%22%3A%5C%22poi%5C%22%2C%5C%22elementType%5C%22%3A%5C%22all%5C%22%2C%5C%22stylers%5C%22%3A%5B%7B%5C%22hue%5C%22%3A%5C%22%23ffffff%5C%22%7D%2C%7B%5C%22saturation%5C%22%3A-100%7D%2C%7B%5C%22lightness%5C%22%3A100%7D%2C%7B%5C%22visibility%5C%22%3A%5C%22off%5C%22%7D%5D%7D%2C%7B%5C%22featureType%5C%22%3A%5C%22road%5C%22%2C%5C%22elementType%5C%22%3A%5C%22geometry%5C%22%2C%5C%22stylers%5C%22%3A%5B%7B%5C%22hue%5C%22%3A%5C%22%23bbc0c4%5C%22%7D%2C%7B%5C%22saturation%5C%22%3A-93%7D%2C%7B%5C%22lightness%5C%22%3A31%7D%2C%7B%5C%22visibility%5C%22%3A%5C%22simplified%5C%22%7D%5D%7D%2C%7B%5C%22featureType%5C%22%3A%5C%22road%5C%22%2C%5C%22elementType%5C%22%3A%5C%22labels%5C%22%2C%5C%22stylers%5C%22%3A%5B%7B%5C%22hue%5C%22%3A%5C%22%23bbc0c4%5C%22%7D%2C%7B%5C%22saturation%5C%22%3A-93%7D%2C%7B%5C%22lightness%5C%22%3A31%7D%2C%7B%5C%22visibility%5C%22%3A%5C%22on%5C%22%7D%5D%7D%2C%7B%5C%22featureType%5C%22%3A%5C%22road.arterial%5C%22%2C%5C%22elementType%5C%22%3A%5C%22labels%5C%22%2C%5C%22stylers%5C%22%3A%5B%7B%5C%22hue%5C%22%3A%5C%22%23bbc0c4%5C%22%7D%2C%7B%5C%22saturation%5C%22%3A-93%7D%2C%7B%5C%22lightness%5C%22%3A-2%7D%2C%7B%5C%22visibility%5C%22%3A%5C%22simplified%5C%22%7D%5D%7D%2C%7B%5C%22featureType%5C%22%3A%5C%22road.local%5C%22%2C%5C%22elementType%5C%22%3A%5C%22geometry%5C%22%2C%5C%22stylers%5C%22%3A%5B%7B%5C%22hue%5C%22%3A%5C%22%23e9ebed%5C%22%7D%2C%7B%5C%22saturation%5C%22%3A-90%7D%2C%7B%5C%22lightness%5C%22%3A-8%7D%2C%7B%5C%22visibility%5C%22%3A%5C%22simplified%5C%22%7D%5D%7D%2C%7B%5C%22featureType%5C%22%3A%5C%22transit%5C%22%2C%5C%22elementType%5C%22%3A%5C%22all%5C%22%2C%5C%22stylers%5C%22%3A%5B%7B%5C%22hue%5C%22%3A%5C%22%23e9ebed%5C%22%7D%2C%7B%5C%22saturation%5C%22%3A10%7D%2C%7B%5C%22lightness%5C%22%3A69%7D%2C%7B%5C%22visibility%5C%22%3A%5C%22on%5C%22%7D%5D%7D%2C%7B%5C%22featureType%5C%22%3A%5C%22water%5C%22%2C%5C%22elementType%5C%22%3A%5C%22all%5C%22%2C%5C%22stylers%5C%22%3A%5B%7B%5C%22hue%5C%22%3A%5C%22%23e9ebed%5C%22%7D%2C%7B%5C%22saturation%5C%22%3A-78%7D%2C%7B%5C%22lightness%5C%22%3A67%7D%2C%7B%5C%22visibility%5C%22%3A%5C%22simplified%5C%22%7D%5D%7D%5D%22\" data-map_streeview_control=\"true\" data-map_type_control=\"true\" data-map_zoom_control=\"true\" data-map_fullscreen_control=\"true\" data-map_scroll_zoom=\"false\"><\/div>\n\t\t\t\t<div class=\"google-map-notice\"><\/div>\n\t\t\t\t<\/div>\n\t\t\t\t<\/div>\n\t\t\t\t<\/div>\n\t\t\t\t\t<\/div>\n\t\t\t\t<\/div>\n\t\t<div data-particle_enable=\"false\" data-particle-mobile-disabled=\"false\" class=\"elementor-element elementor-element-46016fb e-flex e-con-boxed e-con e-parent\" data-id=\"46016fb\" data-element_type=\"container\" data-e-type=\"container\">\n\t\t\t\t\t<div class=\"e-con-inner\">\n\t\t\t\t<div class=\"elementor-element elementor-element-a13a590 elementor-widget elementor-widget-text-editor\" data-id=\"a13a590\" data-element_type=\"widget\" data-e-type=\"widget\" data-widget_type=\"text-editor.default\">\n\t\t\t\t<div class=\"elementor-widget-container\">\n\t\t\t\t\t\t\t\t\t<p>N\u2019h\u00e9sitez pas \u00e0 contacter le Cabinet pour prendre rendez-vous en utilisant le formulaire ci-dessous\u00a0:<\/p>\t\t\t\t\t\t\t\t<\/div>\n\t\t\t\t<\/div>\n\t\t\t\t<div class=\"elementor-element elementor-element-9eed72f elementor-widget elementor-widget-heading\" data-id=\"9eed72f\" data-element_type=\"widget\" data-e-type=\"widget\" data-widget_type=\"heading.default\">\n\t\t\t\t<div class=\"elementor-widget-container\">\n\t\t\t\t\t<h2 class=\"elementor-heading-title elementor-size-default\">\u00c9crire \u00e0 ma\u00eetre Choralyne Dumesnil<\/h2>\t\t\t\t<\/div>\n\t\t\t\t<\/div>\n\t\t\t\t<div class=\"elementor-element elementor-element-39e5087 eael-fluentform-form-button-center eael-fluentform-form-button-custom eael-ff-step-header-yes eael-ff-step-progressbar-yes elementor-widget elementor-widget-eael-fluentform\" data-id=\"39e5087\" data-element_type=\"widget\" data-e-type=\"widget\" data-widget_type=\"eael-fluentform.default\">\n\t\t\t\t<div class=\"elementor-widget-container\">\n\t\t\t\t\t        <div class=\"eael-contact-form eael-fluent-form-wrapper clearfix eael-contact-form-align-default\">\n\n            \n            <div class='fluentform ff-default fluentform_wrapper_1 ffs_default_wrap'><form data-form_id=\"1\" id=\"fluentform_1\" class=\"frm-fluent-form fluent_form_1 ff-el-form-top ff_form_instance_1_1 ff-form-loading ff_has_v3_recptcha ffs_default\" data-form_instance=\"ff_form_instance_1_1\" method=\"POST\" data-recptcha_key=\"6LeqQOgqAAAAAO3AHoetxx1sElcexw-h9L-vBbUD\" ><fieldset  style=\"border: none!important;margin: 0!important;padding: 0!important;background-color: transparent!important;box-shadow: none!important;outline: none!important; min-inline-size: 100%;\">\n                    <legend class=\"ff_screen_reader_title\" style=\"display: block; margin: 0!important;padding: 0!important;height: 0!important;text-indent: -999999px;width: 0!important;overflow:hidden;\">Contact Form CD<\/legend><input type='hidden' name='__fluent_form_embded_post_id' value='934' \/><input type=\"hidden\" id=\"_fluentform_1_fluentformnonce\" name=\"_fluentform_1_fluentformnonce\" value=\"2137d8606b\" \/><input type=\"hidden\" name=\"_wp_http_referer\" value=\"\/en_us\/wp-json\/wp\/v2\/pages\/934\" \/><div data-type=\"name-element\" data-name=\"names\" class=\" ff-field_container ff-name-field-wrapper\" ><div class='ff-t-container'><div class='ff-t-cell '><div class='ff-el-group'><div class=\"ff-el-input--label ff-el-is-required asterisk-right\"><label for='ff_1_names_first_name_' id='label_ff_1_names_first_name_' >Pr\u00e9nom<\/label><\/div><div class='ff-el-input--content'><input type=\"text\" name=\"names[first_name]\" id=\"ff_1_names_first_name_\" class=\"ff-el-form-control\" placeholder=\"Pr\u00e9nom\" aria-invalid=\"false\" aria-required=true><\/div><\/div><\/div><div class='ff-t-cell '><div class='ff-el-group'><div class=\"ff-el-input--label asterisk-right\"><label for='ff_1_names_last_name_' id='label_ff_1_names_last_name_' >Nom<\/label><\/div><div class='ff-el-input--content'><input type=\"text\" name=\"names[last_name]\" id=\"ff_1_names_last_name_\" class=\"ff-el-form-control\" placeholder=\"Nom\" aria-invalid=\"false\" aria-required=false><\/div><\/div><\/div><\/div><\/div><div class='ff-el-group'><div class=\"ff-el-input--label ff-el-is-required asterisk-right\"><label for='ff_1_phone_1' id='label_ff_1_phone_1' aria-label=\"T\u00e9l\u00e9phone\/Mobile\">T\u00e9l\u00e9phone\/Mobile<\/label><\/div><div class='ff-el-input--content'><input name=\"phone_1\" class=\"ff-el-form-control ff-el-phone ff_el_with_extended_validation\" type=\"tel\" placeholder=\"Num\u00e9ro de T\u00e9l\u00e9phone\" data-name=\"phone_1\" id=\"ff_1_phone_1\" inputmode=\"tel\"  aria-invalid='false' aria-required=true><\/div><\/div><div class='ff-el-group'><div class=\"ff-el-input--label ff-el-is-required asterisk-right\"><label for='ff_1_email' id='label_ff_1_email' aria-label=\"Email\">Email<\/label><\/div><div class='ff-el-input--content'><input type=\"email\" name=\"email\" id=\"ff_1_email\" class=\"ff-el-form-control\" placeholder=\"Email Address\" data-name=\"email\"  aria-invalid=\"false\" aria-required=true><\/div><\/div><div class='ff-el-group'><div class=\"ff-el-input--label asterisk-right\"><label for='ff_1_subject' id='label_ff_1_subject' aria-label=\"Subject\">Subject<\/label><\/div><div class='ff-el-input--content'><input type=\"text\" name=\"subject\" class=\"ff-el-form-control\" placeholder=\"Sujet\" data-name=\"subject\" id=\"ff_1_subject\"  aria-invalid=\"false\" aria-required=false><\/div><\/div><div class='ff-el-group'><div class=\"ff-el-input--label ff-el-is-required asterisk-right\"><label for='ff_1_message' id='label_ff_1_message' aria-label=\"Votre message\">Votre message<\/label><\/div><div class='ff-el-input--content'><textarea aria-required=\"true\" aria-labelledby=\"label_ff_1_message\" name=\"message\" id=\"ff_1_message\" class=\"ff-el-form-control\" placeholder=\"Votre message\" rows=\"4\" cols=\"2\" data-name=\"message\" ><\/textarea><\/div><\/div><div class='ff-el-group    ff-el-input--content'><div class='ff-el-form-check ff-el-tc'><label aria-label='\u00a0J&#039;accepte que les informations saisies dans ce formulaire soient enregistr\u00e9es et utilis\u00e9es par Me Choralyne Dumesnil pour permettre de me recontacter et atteste avoir pris connaissance de sa politique de protection des donn\u00e9es personnelles.' class='ff-el-form-check-label ff_tc_label' for=terms-n-condition_1e4ac7c7c97563f15136cbb42df31110><span class='ff_tc_checkbox'><input type=\"checkbox\" name=\"terms-n-condition\" class=\"ff-el-form-check-input\" data-name=\"terms-n-condition\" id=\"terms-n-condition_1e4ac7c7c97563f15136cbb42df31110\"  value='on' aria-invalid='false' aria-required=true><\/span> <div class='ff_t_c'><p>\u00a0J'accepte que les informations saisies dans ce formulaire soient enregistr\u00e9es et utilis\u00e9es par Me Choralyne Dumesnil pour permettre de me recontacter et atteste avoir pris connaissance de sa politique de protection des donn\u00e9es personnelles.<br \/><br \/><\/p><\/div><\/label><\/div><\/div><div class='ff-el-group ff-text-left ff_submit_btn_wrapper'><button type=\"submit\" class=\"ff-btn ff-btn-submit ff-btn-sm ff_btn_style wpf_has_custom_css\"  aria-label=\"Envoyer\">Envoyer<\/button><\/div><\/fieldset><\/form><div id='fluentform_1_errors' class='ff-errors-in-stack ff_form_instance_1_1 ff-form-loading_errors ff_form_instance_1_1_errors'><\/div><\/div>            <script type=\"text\/javascript\">\n                window.fluent_form_ff_form_instance_1_1 = {\"id\":\"1\",\"ajaxUrl\":\"https:\\\/\\\/cdumesnil.com\\\/wp-admin\\\/admin-ajax.php\",\"settings\":{\"layout\":{\"labelPlacement\":\"top\",\"helpMessagePlacement\":\"with_label\",\"errorMessagePlacement\":\"inline\",\"cssClassName\":\"\",\"asteriskPlacement\":\"asterisk-right\"},\"restrictions\":{\"denyEmptySubmission\":{\"enabled\":false}}},\"form_instance\":\"ff_form_instance_1_1\",\"form_id_selector\":\"fluentform_1\",\"rules\":{\"names[first_name]\":{\"required\":{\"value\":true,\"message\":\"This field is required\",\"global\":false,\"global_message\":\"Ce champ est obligatoire\"}},\"names[middle_name]\":{\"required\":{\"value\":false,\"message\":\"This field is required\",\"global\":false,\"global_message\":\"Ce champ est obligatoire\"}},\"names[last_name]\":{\"required\":{\"value\":false,\"message\":\"This field is required\",\"global\":false,\"global_message\":\"Ce champ est obligatoire\"}},\"phone_1\":{\"required\":{\"value\":true,\"global\":true,\"message\":\"Ce champ est obligatoire\",\"global_message\":\"Ce champ est obligatoire\"},\"valid_phone_number\":{\"value\":true,\"global\":true,\"message\":\"Phone number is not valid\",\"global_message\":\"Phone number is not valid\"}},\"email\":{\"required\":{\"value\":true,\"message\":\"This field is required\",\"global\":false,\"global_message\":\"Ce champ est obligatoire\"},\"email\":{\"value\":true,\"message\":\"This field must contain a valid email\",\"global\":false,\"global_message\":\"Ce champ doit contenir un e-mail valide\"}},\"subject\":{\"required\":{\"value\":false,\"message\":\"This field is required\",\"global\":false,\"global_message\":\"Ce champ est obligatoire\"}},\"message\":{\"required\":{\"value\":true,\"message\":\"This field is required\",\"global\":false,\"global_message\":\"Ce champ est obligatoire\"}},\"terms-n-condition\":{\"required\":{\"value\":true,\"message\":\"Ce champ est obligatoire\",\"global_message\":\"Ce champ est obligatoire\",\"global\":true}},\"g-recaptcha-response\":[]},\"debounce_time\":300};\n                            <\/script>\n                    <\/div>\n\n        \t\t\t\t<\/div>\n\t\t\t\t<\/div>\n\t\t\t\t\t<\/div>\n\t\t\t\t<\/div>\n\t\t\t\t<\/div>\n\t\t","protected":false},"excerpt":{"rendered":"<p>Contacter le Cabinet Contacter le cabinet Choralyne Dumesnil Avocate 13 rue la Bo\u00e9tie, 75008 Paris, France +33 1 49 11 46 93 Du Lundi au Vendredi de 9h \u00e0 19h30 N\u2019h\u00e9sitez pas \u00e0 contacter le Cabinet pour prendre rendez-vous en utilisant le formulaire ci-dessous\u00a0: \u00c9crire \u00e0 ma\u00eetre Choralyne Dumesnil Contact Form CD Pr\u00e9nomNomT\u00e9l\u00e9phone\/MobileEmailSubjectVotre message \u00a0J&rsquo;accepte [&hellip;]<\/p>\n","protected":false},"author":1,"featured_media":0,"parent":0,"menu_order":0,"comment_status":"closed","ping_status":"closed","template":"elementor_header_footer","meta":{"footnotes":""},"class_list":["post-934","page","type-page","status-publish","hentry"],"_links":{"self":[{"href":"https:\/\/cdumesnil.com\/en_us\/wp-json\/wp\/v2\/pages\/934","targetHints":{"allow":["GET"]}}],"collection":[{"href":"https:\/\/cdumesnil.com\/en_us\/wp-json\/wp\/v2\/pages"}],"about":[{"href":"https:\/\/cdumesnil.com\/en_us\/wp-json\/wp\/v2\/types\/page"}],"author":[{"embeddable":true,"href":"https:\/\/cdumesnil.com\/en_us\/wp-json\/wp\/v2\/users\/1"}],"replies":[{"embeddable":true,"href":"https:\/\/cdumesnil.com\/en_us\/wp-json\/wp\/v2\/comments?post=934"}],"version-history":[{"count":134,"href":"https:\/\/cdumesnil.com\/en_us\/wp-json\/wp\/v2\/pages\/934\/revisions"}],"predecessor-version":[{"id":3030,"href":"https:\/\/cdumesnil.com\/en_us\/wp-json\/wp\/v2\/pages\/934\/revisions\/3030"}],"wp:attachment":[{"href":"https:\/\/cdumesnil.com\/en_us\/wp-json\/wp\/v2\/media?parent=934"}],"curies":[{"name":"wp","href":"https:\/\/api.w.org\/{rel}","templated":true}]}}